{"id":394,"date":"2023-07-18T00:37:20","date_gmt":"2023-07-17T22:37:20","guid":{"rendered":"https:\/\/wonderful-cohen.51-75-200-23.plesk.page\/datenschutzbestimmungen\/"},"modified":"2023-07-20T09:27:49","modified_gmt":"2023-07-20T07:27:49","slug":"datenschutzbestimmungen","status":"publish","type":"page","link":"https:\/\/www.hogarabitat.online\/de\/datenschutzbestimmungen\/","title":{"rendered":"Datenschutzbestimmungen"},"content":{"rendered":"\t\t<div data-elementor-type=\"wp-page\" data-elementor-id=\"394\" class=\"elementor elementor-394 elementor-24\" data-elementor-post-type=\"page\">\n\t\t\t\t\t\t<section class=\"elementor-section elementor-top-section elementor-element elementor-element-5366202 elementor-section-boxed elementor-section-height-default elementor-section-height-default\" data-id=\"5366202\" data-element_type=\"section\" data-e-type=\"section\" data-settings=\"{&quot;background_background&quot;:&quot;classic&quot;}\">\n\t\t\t\t\t\t<div class=\"elementor-container elementor-column-gap-default\">\n\t\t\t\t\t<div class=\"elementor-column elementor-col-100 elementor-top-column elementor-element elementor-element-9055294\" data-id=\"9055294\" data-element_type=\"column\" data-e-type=\"column\">\n\t\t\t<div class=\"elementor-widget-wrap elementor-element-populated\">\n\t\t\t\t\t\t<div class=\"elementor-element elementor-element-d942065 elementor-widget elementor-widget-text-editor\" data-id=\"d942065\" data-element_type=\"widget\" data-e-type=\"widget\" data-widget_type=\"text-editor.default\">\n\t\t\t\t<div class=\"elementor-widget-container\">\n\t\t\t\t\t\t\t\t\t<p>WIR VERKAUFEN <span style=\"color: #f5204b;\">MEHR ALS 1 IMMOBILIE<\/span><br \/>VOR EINEM NOTAR AUF DEN NEUESTEN STAND ZU BRINGEN.<\/p>\n\t\t\t\t\t\t\t\t<\/div>\n\t\t\t\t<\/div>\n\t\t\t\t<div class=\"elementor-element elementor-element-c879959 elementor-widget elementor-widget-button\" data-id=\"c879959\" data-element_type=\"widget\" data-e-type=\"widget\" data-widget_type=\"button.default\">\n\t\t\t\t<div class=\"elementor-widget-container\">\n\t\t\t\t\t\t\t\t\t<div class=\"elementor-button-wrapper\">\n\t\t\t\t\t<a class=\"elementor-button elementor-button-link elementor-size-sm\" href=\"https:\/\/www.hogarabitat.com\/\">\n\t\t\t\t\t\t<span class=\"elementor-button-content-wrapper\">\n\t\t\t\t\t\t\t\t\t<span class=\"elementor-button-text\">Eigenschaften anzeigen<\/span>\n\t\t\t\t\t<\/span>\n\t\t\t\t\t<\/a>\n\t\t\t\t<\/div>\n\t\t\t\t\t\t\t\t<\/div>\n\t\t\t\t<\/div>\n\t\t\t\t\t<\/div>\n\t\t<\/div>\n\t\t\t\t\t<\/div>\n\t\t<\/section>\n\t\t\t\t<section class=\"elementor-section elementor-top-section elementor-element elementor-element-28363fb elementor-section-boxed elementor-section-height-default elementor-section-height-default\" data-id=\"28363fb\" data-element_type=\"section\" data-e-type=\"section\">\n\t\t\t\t\t\t<div class=\"elementor-container elementor-column-gap-default\">\n\t\t\t\t\t<div class=\"elementor-column elementor-col-100 elementor-top-column elementor-element elementor-element-58e8c4e\" data-id=\"58e8c4e\" data-element_type=\"column\" data-e-type=\"column\">\n\t\t\t<div class=\"elementor-widget-wrap elementor-element-populated\">\n\t\t\t\t\t\t<div class=\"elementor-element elementor-element-2ed95a8 elementor-widget elementor-widget-heading\" data-id=\"2ed95a8\" data-element_type=\"widget\" data-e-type=\"widget\" data-widget_type=\"heading.default\">\n\t\t\t\t<div class=\"elementor-widget-container\">\n\t\t\t\t\t<h2 class=\"elementor-heading-title elementor-size-default\">Datenschutzbestimmungen<\/h2>\t\t\t\t<\/div>\n\t\t\t\t<\/div>\n\t\t\t\t\t<\/div>\n\t\t<\/div>\n\t\t\t\t\t<\/div>\n\t\t<\/section>\n\t\t\t\t<section class=\"elementor-section elementor-top-section elementor-element elementor-element-1f62010 elementor-section-boxed elementor-section-height-default elementor-section-height-default\" data-id=\"1f62010\" data-element_type=\"section\" data-e-type=\"section\">\n\t\t\t\t\t\t<div class=\"elementor-container elementor-column-gap-default\">\n\t\t\t\t\t<div class=\"elementor-column elementor-col-100 elementor-top-column elementor-element elementor-element-c9547db\" data-id=\"c9547db\" data-element_type=\"column\" data-e-type=\"column\">\n\t\t\t<div class=\"elementor-widget-wrap elementor-element-populated\">\n\t\t\t\t\t\t<div class=\"elementor-element elementor-element-5fc19dd elementor-widget elementor-widget-text-editor\" data-id=\"5fc19dd\" data-element_type=\"widget\" data-e-type=\"widget\" data-widget_type=\"text-editor.default\">\n\t\t\t\t<div class=\"elementor-widget-container\">\n\t\t\t\t\t\t\t\t\t<h5>1. BENUTZERINFORMATIONEN<\/h5>\n<p><b>HOGARABITAT SERVICIOS INMOBILIARIOS S.L.<\/b>im Folgenden VERANTWORTLICHER, ist f\u00fcr die Verarbeitung der personenbezogenen Daten des Nutzers verantwortlich und informiert Sie dar\u00fcber, dass diese Daten gem\u00e4\u00df den Bestimmungen der Verordnung (EU) 2016\/679 vom 27. April (GDPR) und des Organgesetzes 3\/2018 vom 5. Dezember (LOPDGDD) verarbeitet werden, weshalb Sie die folgenden Informationen zur Verarbeitung erhalten:<\/p>\n<p><strong>Zweck der Verarbeitung:<\/strong> Aufrechterhaltung einer Gesch\u00e4ftsbeziehung mit dem Nutzer. Zur Durchf\u00fchrung der Verarbeitung sind folgende Vorg\u00e4nge vorgesehen:<\/p>\n<ul>\n<li>Versendung kommerzieller Werbemitteilungen per E-Mail, Fax, SMS, MMS, in sozialen Gemeinschaften oder \u00fcber andere gegenw\u00e4rtige oder zuk\u00fcnftige elektronische oder physische Mittel, die kommerzielle Mitteilungen erm\u00f6glichen. Diese Mitteilungen werden vom VERANTWORTLICHEN gemacht und beziehen sich auf seine Produkte und Dienstleistungen oder auf die seiner Partner oder Lieferanten, mit denen er eine Werbevereinbarung getroffen hat. In diesem Fall haben Dritte niemals Zugang zu personenbezogenen Daten.<\/li>\n<li>Durchf\u00fchrung von statistischen Studien.<\/li>\n<li>Zur Bearbeitung von Bestellungen, Anfragen oder Anfragen jeglicher Art, die der Nutzer \u00fcber eine der ihm zur Verf\u00fcgung gestellten Kontaktformen stellt.<\/li>\n<li>Versenden Sie den Newsletter der Website.<\/li>\n<\/ul>\n<p><strong>Rechtsgrundlage f\u00fcr die Verarbeitung:<\/strong> Einwilligung der betroffenen Person.<\/p>\n<p><strong>Kriterien f\u00fcr die Datenaufbewahrung:<\/strong> Die Daten werden nur so lange aufbewahrt, wie es f\u00fcr die Aufrechterhaltung des Zwecks der Verarbeitung erforderlich ist, und werden, wenn sie f\u00fcr diesen Zweck nicht mehr ben\u00f6tigt werden, mit geeigneten Sicherheitsma\u00dfnahmen gel\u00f6scht, um die Pseudonymisierung der Daten oder die vollst\u00e4ndige Vernichtung der Daten zu gew\u00e4hrleisten.<\/p>\n<p><strong>Weitergabe von Daten:<\/strong> Die Daten werden nicht an Dritte weitergegeben, es sei denn, es besteht eine gesetzliche Verpflichtung zur Weitergabe.<br \/><strong>Rechte des Nutzers:<\/strong><\/p>\n<ul>\n<li>Recht auf jederzeitigen Widerruf der Einwilligung.<\/li>\n<li>Das Recht auf Zugang, Berichtigung, \u00dcbertragbarkeit und L\u00f6schung Ihrer Daten sowie das Recht, die Verarbeitung einzuschr\u00e4nken oder abzulehnen.<\/li>\n<li>Das Recht, eine Beschwerde bei der Aufsichtsbeh\u00f6rde (www.aepd.es) einzureichen, wenn Sie der Meinung sind, dass die Verarbeitung nicht mit den geltenden Vorschriften \u00fcbereinstimmt.<\/li>\n<\/ul>\n<p><strong>Kontaktdaten f\u00fcr die Wahrnehmung Ihrer Rechte:<\/strong><br \/>HOGARABITAT SERVICIOS INMOBILIARIOS S.L.. AVDA. P\u00c9REZ GALDOS, 42 &#8211; 46006 VALENCIA (Valencia). E-Mail: clientes@hogarabitat.com<\/p>\n<h5>2. OBLIGATORISCHER ODER FAKULTATIVER CHARAKTER DER VOM NUTZER BEREITGESTELLTEN INFORMATIONEN<\/h5>\n<p>Mit dem Ankreuzen der entsprechenden K\u00e4stchen und der Eingabe von Daten in die mit einem Sternchen (*) gekennzeichneten Felder im Kontaktformular oder in Download-Formularen akzeptieren die Nutzer ausdr\u00fccklich und frei und unmissverst\u00e4ndlich, dass ihre Daten f\u00fcr die Bearbeitung ihrer Anfrage durch den Anbieter erforderlich sind, wobei die Angabe von Daten in den \u00fcbrigen Feldern freiwillig ist. Der Nutzer garantiert, dass die pers\u00f6nlichen Daten, die er dem VERANTWORTLICHEN zur Verf\u00fcgung gestellt hat, wahrheitsgetreu sind und ist daf\u00fcr verantwortlich, jede \u00c4nderung derselben mitzuteilen.<br \/>Der VERANTWORTLICHE informiert und garantiert den Nutzern ausdr\u00fccklich, dass ihre pers\u00f6nlichen Daten unter keinen Umst\u00e4nden an Dritte weitergegeben werden und dass bei jeder Art der Weitergabe von pers\u00f6nlichen Daten zuvor die ausdr\u00fcckliche, informierte und unmissverst\u00e4ndliche Zustimmung der Nutzer eingeholt wird. Alle \u00fcber die Website angeforderten Daten sind obligatorisch, da sie f\u00fcr die Bereitstellung eines optimalen Dienstes f\u00fcr den Nutzer erforderlich sind. Wenn nicht alle Daten angegeben werden, kann nicht garantiert werden, dass die angebotenen Informationen und Dienstleistungen vollst\u00e4ndig auf Ihre Bed\u00fcrfnisse zugeschnitten sind.<\/p>\n<h5>3. SICHERHEITSMASSNAHMEN<\/h5>\n<p>dass der VERANTWORTLICHE in \u00dcbereinstimmung mit den geltenden Vorschriften zum Schutz personenbezogener Daten alle Bestimmungen der DSGVO f\u00fcr die Verarbeitung personenbezogener Daten unter seiner Verantwortung einh\u00e4lt und offensichtlich die in Artikel 5 der DSGVO beschriebenen Grunds\u00e4tze einh\u00e4lt, wonach die Daten rechtm\u00e4\u00dfig, nach Treu und Glauben und in transparenter Weise gegen\u00fcber der betroffenen Person verarbeitet werden und den Zwecken, f\u00fcr die sie verarbeitet werden, entsprechen, daf\u00fcr erheblich sind und auf das erforderliche Ma\u00df beschr\u00e4nkt sind.<br \/>Die VERANTWORTLICHE PARTEI garantiert, dass sie geeignete technische und organisatorische Ma\u00dfnahmen zur Umsetzung der in der DSGVO festgelegten Sicherheitsma\u00dfnahmen zum Schutz der Rechte und Freiheiten der Nutzer ergriffen hat und den Nutzern geeignete Informationen zur Verf\u00fcgung gestellt hat, damit sie diese Rechte und Freiheiten aus\u00fcben k\u00f6nnen.<\/p>\n<h5>Verantwortlich: HogarAbitat Servicios Inmobiliarios S.L.<\/h5>\n<p><strong>Zweck:<\/strong> Verwaltung von Informationsanfragen \u00fcber die Website, um Ihnen professionelle Immobiliendienstleistungen zu bieten und Sie mit Informationen \u00fcber Ihre Anfragen zu versorgen.<br \/><strong>Legitimation:<\/strong> Die Legitimation beruht auf der Zustimmung, die Sie uns durch Anklicken der Schaltfl\u00e4che &#8222;Ich akzeptiere die Datenschutzbestimmungen&#8220; erteilen. Empf\u00e4nger: Ihre Daten werden nicht an Dritte weitergegeben, es sei denn, Sie sind gesetzlich dazu verpflichtet.<br \/><strong>Rechte:<\/strong> Sie k\u00f6nnen Ihre Rechte auf Auskunft, Berichtigung, L\u00f6schung, Widerspruch, \u00dcbertragbarkeit und Widerruf der Zustimmung zu Ihren personenbezogenen Daten aus\u00fcben, indem Sie eine E-Mail an clientes@hogarabitat.com senden.<\/p>\n<h5>4. ZUSTIMMUNG ZUR VERARBEITUNG PERSONENBEZOGENER DATEN<\/h5>\n<p><strong>HOGARABITAT SERVICIOS INMOBILIARIOS S.L.<\/strong>  ist der Verantwortliche f\u00fcr die Verarbeitung der personenbezogenen Daten des Nutzers und informiert Sie dar\u00fcber, dass diese Daten gem\u00e4\u00df den Bestimmungen der Verordnung (EU) 2016\/679 vom 27. April (GDPR) und des Organgesetzes 3\/2018 vom 5. Dezember (LOPDGDD) verarbeitet werden, weshalb Sie die folgenden Informationen zur Verarbeitung erhalten:  <strong>Zweck der Verarbeitung:<\/strong> Berechtigtes Interesse des f\u00fcr die Datenverarbeitung Verantwortlichen: Aufrechterhaltung einer Gesch\u00e4ftsbeziehung.<br \/>Mit Zustimmung der betroffenen Person: Zusendung von Mitteilungen \u00fcber Produkte oder Dienstleistungen.  <strong>Kriterien f\u00fcr die Datenaufbewahrung:<\/strong> Die Daten werden nur so lange aufbewahrt, wie es f\u00fcr die Aufrechterhaltung des Zwecks der Verarbeitung erforderlich ist, und werden, wenn sie f\u00fcr diesen Zweck nicht mehr ben\u00f6tigt werden, mit geeigneten Sicherheitsma\u00dfnahmen gel\u00f6scht, um die Pseudonymisierung der Daten oder die vollst\u00e4ndige Vernichtung der Daten zu gew\u00e4hrleisten.<br \/><strong>Weitergabe von Daten:<\/strong> Die Daten werden nicht an Dritte weitergegeben, es sei denn, es besteht eine gesetzliche Verpflichtung zur Weitergabe.<br \/><strong>Rechte des Nutzers:<\/strong><\/p>\n<ul>\n<li>Recht auf jederzeitigen Widerruf der Einwilligung.<\/li>\n<li>Das Recht auf Zugang, Berichtigung, \u00dcbertragbarkeit und L\u00f6schung Ihrer Daten sowie das Recht, die Verarbeitung einzuschr\u00e4nken oder abzulehnen.<\/li>\n<li>Das Recht, eine Beschwerde bei der Aufsichtsbeh\u00f6rde (www.aepd.es) einzureichen, wenn Sie der Meinung sind, dass die Verarbeitung nicht mit den geltenden Vorschriften \u00fcbereinstimmt.<\/li>\n<\/ul>\n<p><strong>Kontaktdaten f\u00fcr die Wahrnehmung Ihrer Rechte:<\/strong><br \/>HOGARABITAT SERVICIOS INMOBILIARIOS S.L.. AVDA. P\u00c9REZ GALDOS, 42 &#8211; 46006 VALENCIA (Valencia). E-Mail: clientes@hogarabitat.com<br \/>Um fortzufahren, m\u00fcssen Sie best\u00e4tigen, dass Sie die obige Klausel gelesen haben und ihr zustimmen.<\/p>\n\t\t\t\t\t\t\t\t<\/div>\n\t\t\t\t<\/div>\n\t\t\t\t\t<\/div>\n\t\t<\/div>\n\t\t\t\t\t<\/div>\n\t\t<\/section>\n\t\t\t\t<\/div>\n\t\t","protected":false},"excerpt":{"rendered":"<p>WIR VERKAUFEN MEHR ALS 1 IMMOBILIEVOR EINEM NOTAR AUF DEN NEUESTEN STAND ZU BRINGEN. Eigenschaften anzeigen 1. BENUTZERINFORMATIONEN HOGARABITAT SERVICIOS INMOBILIARIOS S.L.im Folgenden VERANTWORTLICHER, ist f\u00fcr die Verarbeitung der personenbezogenen Daten des Nutzers verantwortlich und informiert Sie dar\u00fcber, dass diese Daten gem\u00e4\u00df den Bestimmungen der Verordnung (EU) 2016\/679 vom 27. April (GDPR) und des Organgesetzes [&hellip;]<\/p>\n","protected":false},"author":3,"featured_media":309,"parent":0,"menu_order":0,"comment_status":"closed","ping_status":"closed","template":"","meta":{"footnotes":""},"class_list":["post-394","page","type-page","status-publish","has-post-thumbnail","hentry"],"yoast_head":"<!-- This site is optimized with the Yoast SEO plugin v27.4 - https:\/\/yoast.com\/product\/yoast-seo-wordpress\/ -->\n<title>Datenschutzbestimmungen - El Blog de HogarAbitat<\/title>\n<meta name=\"robots\" content=\"index, follow, max-snippet:-1, max-image-preview:large, max-video-preview:-1\" \/>\n<link rel=\"canonical\" href=\"https:\/\/www.hogarabitat.online\/de\/datenschutzbestimmungen\/\" \/>\n<meta property=\"og:locale\" content=\"de_DE\" \/>\n<meta property=\"og:type\" content=\"article\" \/>\n<meta property=\"og:title\" content=\"Datenschutzbestimmungen - El Blog de HogarAbitat\" \/>\n<meta property=\"og:description\" content=\"WIR VERKAUFEN MEHR ALS 1 IMMOBILIEVOR EINEM NOTAR AUF DEN NEUESTEN STAND ZU BRINGEN. Eigenschaften anzeigen 1. BENUTZERINFORMATIONEN HOGARABITAT SERVICIOS INMOBILIARIOS S.L.im Folgenden VERANTWORTLICHER, ist f\u00fcr die Verarbeitung der personenbezogenen Daten des Nutzers verantwortlich und informiert Sie dar\u00fcber, dass diese Daten gem\u00e4\u00df den Bestimmungen der Verordnung (EU) 2016\/679 vom 27. April (GDPR) und des Organgesetzes [&hellip;]\" \/>\n<meta property=\"og:url\" content=\"https:\/\/www.hogarabitat.online\/de\/datenschutzbestimmungen\/\" \/>\n<meta property=\"og:site_name\" content=\"El Blog de HogarAbitat\" \/>\n<meta property=\"article:modified_time\" content=\"2023-07-20T07:27:49+00:00\" \/>\n<meta property=\"og:image\" content=\"https:\/\/www.hogarabitat.online\/wp-content\/uploads\/2023\/07\/logo_hogarabitat.png\" \/>\n\t<meta property=\"og:image:width\" content=\"1754\" \/>\n\t<meta property=\"og:image:height\" content=\"428\" \/>\n\t<meta property=\"og:image:type\" content=\"image\/png\" \/>\n<meta name=\"twitter:card\" content=\"summary_large_image\" \/>\n<meta name=\"twitter:label1\" content=\"Gesch\u00e4tzte Lesezeit\" \/>\n\t<meta name=\"twitter:data1\" content=\"5\u00a0Minuten\" \/>\n<script type=\"application\/ld+json\" class=\"yoast-schema-graph\">{\"@context\":\"https:\\\/\\\/schema.org\",\"@graph\":[{\"@type\":\"WebPage\",\"@id\":\"https:\\\/\\\/www.hogarabitat.online\\\/de\\\/datenschutzbestimmungen\\\/\",\"url\":\"https:\\\/\\\/www.hogarabitat.online\\\/de\\\/datenschutzbestimmungen\\\/\",\"name\":\"Datenschutzbestimmungen - El Blog de HogarAbitat\",\"isPartOf\":{\"@id\":\"https:\\\/\\\/www.hogarabitat.online\\\/de\\\/#website\"},\"primaryImageOfPage\":{\"@id\":\"https:\\\/\\\/www.hogarabitat.online\\\/de\\\/datenschutzbestimmungen\\\/#primaryimage\"},\"image\":{\"@id\":\"https:\\\/\\\/www.hogarabitat.online\\\/de\\\/datenschutzbestimmungen\\\/#primaryimage\"},\"thumbnailUrl\":\"https:\\\/\\\/www.hogarabitat.online\\\/wp-content\\\/uploads\\\/2023\\\/07\\\/logo_hogarabitat.png\",\"datePublished\":\"2023-07-17T22:37:20+00:00\",\"dateModified\":\"2023-07-20T07:27:49+00:00\",\"breadcrumb\":{\"@id\":\"https:\\\/\\\/www.hogarabitat.online\\\/de\\\/datenschutzbestimmungen\\\/#breadcrumb\"},\"inLanguage\":\"de\",\"potentialAction\":[{\"@type\":\"ReadAction\",\"target\":[\"https:\\\/\\\/www.hogarabitat.online\\\/de\\\/datenschutzbestimmungen\\\/\"]}]},{\"@type\":\"ImageObject\",\"inLanguage\":\"de\",\"@id\":\"https:\\\/\\\/www.hogarabitat.online\\\/de\\\/datenschutzbestimmungen\\\/#primaryimage\",\"url\":\"https:\\\/\\\/www.hogarabitat.online\\\/wp-content\\\/uploads\\\/2023\\\/07\\\/logo_hogarabitat.png\",\"contentUrl\":\"https:\\\/\\\/www.hogarabitat.online\\\/wp-content\\\/uploads\\\/2023\\\/07\\\/logo_hogarabitat.png\",\"width\":1754,\"height\":428},{\"@type\":\"BreadcrumbList\",\"@id\":\"https:\\\/\\\/www.hogarabitat.online\\\/de\\\/datenschutzbestimmungen\\\/#breadcrumb\",\"itemListElement\":[{\"@type\":\"ListItem\",\"position\":1,\"name\":\"Portada\",\"item\":\"https:\\\/\\\/www.hogarabitat.online\\\/de\\\/startseiteabitat\\\/\"},{\"@type\":\"ListItem\",\"position\":2,\"name\":\"Datenschutzbestimmungen\"}]},{\"@type\":\"WebSite\",\"@id\":\"https:\\\/\\\/www.hogarabitat.online\\\/de\\\/#website\",\"url\":\"https:\\\/\\\/www.hogarabitat.online\\\/de\\\/\",\"name\":\"El Blog de HogarAbitat\",\"description\":\"Noticias y Art\u00edculos de inter\u00e9s en el sector inmobiliario.\",\"publisher\":{\"@id\":\"https:\\\/\\\/www.hogarabitat.online\\\/de\\\/#organization\"},\"potentialAction\":[{\"@type\":\"SearchAction\",\"target\":{\"@type\":\"EntryPoint\",\"urlTemplate\":\"https:\\\/\\\/www.hogarabitat.online\\\/de\\\/?s={search_term_string}\"},\"query-input\":{\"@type\":\"PropertyValueSpecification\",\"valueRequired\":true,\"valueName\":\"search_term_string\"}}],\"inLanguage\":\"de\"},{\"@type\":\"Organization\",\"@id\":\"https:\\\/\\\/www.hogarabitat.online\\\/de\\\/#organization\",\"name\":\"El Blog de HogarAbitat\",\"url\":\"https:\\\/\\\/www.hogarabitat.online\\\/de\\\/\",\"logo\":{\"@type\":\"ImageObject\",\"inLanguage\":\"de\",\"@id\":\"https:\\\/\\\/www.hogarabitat.online\\\/de\\\/#\\\/schema\\\/logo\\\/image\\\/\",\"url\":\"https:\\\/\\\/wonderful-cohen.51-75-200-23.plesk.page\\\/wp-content\\\/uploads\\\/2023\\\/07\\\/logo_hogarabitat.png\",\"contentUrl\":\"https:\\\/\\\/wonderful-cohen.51-75-200-23.plesk.page\\\/wp-content\\\/uploads\\\/2023\\\/07\\\/logo_hogarabitat.png\",\"width\":1754,\"height\":428,\"caption\":\"El Blog de HogarAbitat\"},\"image\":{\"@id\":\"https:\\\/\\\/www.hogarabitat.online\\\/de\\\/#\\\/schema\\\/logo\\\/image\\\/\"}}]}<\/script>\n<!-- \/ Yoast SEO plugin. -->","yoast_head_json":{"title":"Datenschutzbestimmungen - El Blog de HogarAbitat","robots":{"index":"index","follow":"follow","max-snippet":"max-snippet:-1","max-image-preview":"max-image-preview:large","max-video-preview":"max-video-preview:-1"},"canonical":"https:\/\/www.hogarabitat.online\/de\/datenschutzbestimmungen\/","og_locale":"de_DE","og_type":"article","og_title":"Datenschutzbestimmungen - El Blog de HogarAbitat","og_description":"WIR VERKAUFEN MEHR ALS 1 IMMOBILIEVOR EINEM NOTAR AUF DEN NEUESTEN STAND ZU BRINGEN. Eigenschaften anzeigen 1. BENUTZERINFORMATIONEN HOGARABITAT SERVICIOS INMOBILIARIOS S.L.im Folgenden VERANTWORTLICHER, ist f\u00fcr die Verarbeitung der personenbezogenen Daten des Nutzers verantwortlich und informiert Sie dar\u00fcber, dass diese Daten gem\u00e4\u00df den Bestimmungen der Verordnung (EU) 2016\/679 vom 27. April (GDPR) und des Organgesetzes [&hellip;]","og_url":"https:\/\/www.hogarabitat.online\/de\/datenschutzbestimmungen\/","og_site_name":"El Blog de HogarAbitat","article_modified_time":"2023-07-20T07:27:49+00:00","og_image":[{"width":1754,"height":428,"url":"https:\/\/www.hogarabitat.online\/wp-content\/uploads\/2023\/07\/logo_hogarabitat.png","type":"image\/png"}],"twitter_card":"summary_large_image","twitter_misc":{"Gesch\u00e4tzte Lesezeit":"5\u00a0Minuten"},"schema":{"@context":"https:\/\/schema.org","@graph":[{"@type":"WebPage","@id":"https:\/\/www.hogarabitat.online\/de\/datenschutzbestimmungen\/","url":"https:\/\/www.hogarabitat.online\/de\/datenschutzbestimmungen\/","name":"Datenschutzbestimmungen - El Blog de HogarAbitat","isPartOf":{"@id":"https:\/\/www.hogarabitat.online\/de\/#website"},"primaryImageOfPage":{"@id":"https:\/\/www.hogarabitat.online\/de\/datenschutzbestimmungen\/#primaryimage"},"image":{"@id":"https:\/\/www.hogarabitat.online\/de\/datenschutzbestimmungen\/#primaryimage"},"thumbnailUrl":"https:\/\/www.hogarabitat.online\/wp-content\/uploads\/2023\/07\/logo_hogarabitat.png","datePublished":"2023-07-17T22:37:20+00:00","dateModified":"2023-07-20T07:27:49+00:00","breadcrumb":{"@id":"https:\/\/www.hogarabitat.online\/de\/datenschutzbestimmungen\/#breadcrumb"},"inLanguage":"de","potentialAction":[{"@type":"ReadAction","target":["https:\/\/www.hogarabitat.online\/de\/datenschutzbestimmungen\/"]}]},{"@type":"ImageObject","inLanguage":"de","@id":"https:\/\/www.hogarabitat.online\/de\/datenschutzbestimmungen\/#primaryimage","url":"https:\/\/www.hogarabitat.online\/wp-content\/uploads\/2023\/07\/logo_hogarabitat.png","contentUrl":"https:\/\/www.hogarabitat.online\/wp-content\/uploads\/2023\/07\/logo_hogarabitat.png","width":1754,"height":428},{"@type":"BreadcrumbList","@id":"https:\/\/www.hogarabitat.online\/de\/datenschutzbestimmungen\/#breadcrumb","itemListElement":[{"@type":"ListItem","position":1,"name":"Portada","item":"https:\/\/www.hogarabitat.online\/de\/startseiteabitat\/"},{"@type":"ListItem","position":2,"name":"Datenschutzbestimmungen"}]},{"@type":"WebSite","@id":"https:\/\/www.hogarabitat.online\/de\/#website","url":"https:\/\/www.hogarabitat.online\/de\/","name":"El Blog de HogarAbitat","description":"Noticias y Art\u00edculos de inter\u00e9s en el sector inmobiliario.","publisher":{"@id":"https:\/\/www.hogarabitat.online\/de\/#organization"},"potentialAction":[{"@type":"SearchAction","target":{"@type":"EntryPoint","urlTemplate":"https:\/\/www.hogarabitat.online\/de\/?s={search_term_string}"},"query-input":{"@type":"PropertyValueSpecification","valueRequired":true,"valueName":"search_term_string"}}],"inLanguage":"de"},{"@type":"Organization","@id":"https:\/\/www.hogarabitat.online\/de\/#organization","name":"El Blog de HogarAbitat","url":"https:\/\/www.hogarabitat.online\/de\/","logo":{"@type":"ImageObject","inLanguage":"de","@id":"https:\/\/www.hogarabitat.online\/de\/#\/schema\/logo\/image\/","url":"https:\/\/wonderful-cohen.51-75-200-23.plesk.page\/wp-content\/uploads\/2023\/07\/logo_hogarabitat.png","contentUrl":"https:\/\/wonderful-cohen.51-75-200-23.plesk.page\/wp-content\/uploads\/2023\/07\/logo_hogarabitat.png","width":1754,"height":428,"caption":"El Blog de HogarAbitat"},"image":{"@id":"https:\/\/www.hogarabitat.online\/de\/#\/schema\/logo\/image\/"}}]}},"_links":{"self":[{"href":"https:\/\/www.hogarabitat.online\/de\/wp-json\/wp\/v2\/pages\/394","targetHints":{"allow":["GET"]}}],"collection":[{"href":"https:\/\/www.hogarabitat.online\/de\/wp-json\/wp\/v2\/pages"}],"about":[{"href":"https:\/\/www.hogarabitat.online\/de\/wp-json\/wp\/v2\/types\/page"}],"author":[{"embeddable":true,"href":"https:\/\/www.hogarabitat.online\/de\/wp-json\/wp\/v2\/users\/3"}],"replies":[{"embeddable":true,"href":"https:\/\/www.hogarabitat.online\/de\/wp-json\/wp\/v2\/comments?post=394"}],"version-history":[{"count":1,"href":"https:\/\/www.hogarabitat.online\/de\/wp-json\/wp\/v2\/pages\/394\/revisions"}],"predecessor-version":[{"id":396,"href":"https:\/\/www.hogarabitat.online\/de\/wp-json\/wp\/v2\/pages\/394\/revisions\/396"}],"wp:featuredmedia":[{"embeddable":true,"href":"https:\/\/www.hogarabitat.online\/de\/wp-json\/wp\/v2\/media\/309"}],"wp:attachment":[{"href":"https:\/\/www.hogarabitat.online\/de\/wp-json\/wp\/v2\/media?parent=394"}],"curies":[{"name":"wp","href":"https:\/\/api.w.org\/{rel}","templated":true}]}}