{"id":399,"date":"2023-07-18T01:04:08","date_gmt":"2023-07-17T23:04:08","guid":{"rendered":"https:\/\/wonderful-cohen.51-75-200-23.plesk.page\/rechtlicher-hinweis\/"},"modified":"2023-07-20T09:27:51","modified_gmt":"2023-07-20T07:27:51","slug":"rechtlicher-hinweis","status":"publish","type":"page","link":"https:\/\/www.hogarabitat.online\/de\/rechtlicher-hinweis\/","title":{"rendered":"Rechtlicher Hinweis"},"content":{"rendered":"\t\t<div data-elementor-type=\"wp-page\" data-elementor-id=\"399\" class=\"elementor elementor-399 elementor-50\" data-elementor-post-type=\"page\">\n\t\t\t\t\t\t<section class=\"elementor-section elementor-top-section elementor-element elementor-element-5366202 elementor-section-boxed elementor-section-height-default elementor-section-height-default\" data-id=\"5366202\" data-element_type=\"section\" data-e-type=\"section\" data-settings=\"{&quot;background_background&quot;:&quot;classic&quot;}\">\n\t\t\t\t\t\t<div class=\"elementor-container elementor-column-gap-default\">\n\t\t\t\t\t<div class=\"elementor-column elementor-col-100 elementor-top-column elementor-element elementor-element-9055294\" data-id=\"9055294\" data-element_type=\"column\" data-e-type=\"column\">\n\t\t\t<div class=\"elementor-widget-wrap elementor-element-populated\">\n\t\t\t\t\t\t<div class=\"elementor-element elementor-element-d942065 elementor-widget elementor-widget-text-editor\" data-id=\"d942065\" data-element_type=\"widget\" data-e-type=\"widget\" data-widget_type=\"text-editor.default\">\n\t\t\t\t<div class=\"elementor-widget-container\">\n\t\t\t\t\t\t\t\t\t<p>WIR VERKAUFEN <span style=\"color: #f5204b;\">MEHR ALS 1 IMMOBILIE<\/span><br \/>VOR EINEM NOTAR AUF DEN NEUESTEN STAND ZU BRINGEN.<\/p>\n\t\t\t\t\t\t\t\t<\/div>\n\t\t\t\t<\/div>\n\t\t\t\t<div class=\"elementor-element elementor-element-c879959 elementor-widget elementor-widget-button\" data-id=\"c879959\" data-element_type=\"widget\" data-e-type=\"widget\" data-widget_type=\"button.default\">\n\t\t\t\t<div class=\"elementor-widget-container\">\n\t\t\t\t\t\t\t\t\t<div class=\"elementor-button-wrapper\">\n\t\t\t\t\t<a class=\"elementor-button elementor-button-link elementor-size-sm\" href=\"https:\/\/www.hogarabitat.com\/\">\n\t\t\t\t\t\t<span class=\"elementor-button-content-wrapper\">\n\t\t\t\t\t\t\t\t\t<span class=\"elementor-button-text\">Eigenschaften anzeigen<\/span>\n\t\t\t\t\t<\/span>\n\t\t\t\t\t<\/a>\n\t\t\t\t<\/div>\n\t\t\t\t\t\t\t\t<\/div>\n\t\t\t\t<\/div>\n\t\t\t\t\t<\/div>\n\t\t<\/div>\n\t\t\t\t\t<\/div>\n\t\t<\/section>\n\t\t\t\t<section class=\"elementor-section elementor-top-section elementor-element elementor-element-28363fb elementor-section-boxed elementor-section-height-default elementor-section-height-default\" data-id=\"28363fb\" data-element_type=\"section\" data-e-type=\"section\">\n\t\t\t\t\t\t<div class=\"elementor-container elementor-column-gap-default\">\n\t\t\t\t\t<div class=\"elementor-column elementor-col-100 elementor-top-column elementor-element elementor-element-58e8c4e\" data-id=\"58e8c4e\" data-element_type=\"column\" data-e-type=\"column\">\n\t\t\t<div class=\"elementor-widget-wrap elementor-element-populated\">\n\t\t\t\t\t\t<div class=\"elementor-element elementor-element-2ed95a8 elementor-widget elementor-widget-heading\" data-id=\"2ed95a8\" data-element_type=\"widget\" data-e-type=\"widget\" data-widget_type=\"heading.default\">\n\t\t\t\t<div class=\"elementor-widget-container\">\n\t\t\t\t\t<h2 class=\"elementor-heading-title elementor-size-default\">Rechtlicher Hinweis<\/h2>\t\t\t\t<\/div>\n\t\t\t\t<\/div>\n\t\t\t\t\t<\/div>\n\t\t<\/div>\n\t\t\t\t\t<\/div>\n\t\t<\/section>\n\t\t\t\t<section class=\"elementor-section elementor-top-section elementor-element elementor-element-1f62010 elementor-section-boxed elementor-section-height-default elementor-section-height-default\" data-id=\"1f62010\" data-element_type=\"section\" data-e-type=\"section\">\n\t\t\t\t\t\t<div class=\"elementor-container elementor-column-gap-default\">\n\t\t\t\t\t<div class=\"elementor-column elementor-col-100 elementor-top-column elementor-element elementor-element-c9547db\" data-id=\"c9547db\" data-element_type=\"column\" data-e-type=\"column\">\n\t\t\t<div class=\"elementor-widget-wrap elementor-element-populated\">\n\t\t\t\t\t\t<div class=\"elementor-element elementor-element-5fc19dd elementor-widget elementor-widget-text-editor\" data-id=\"5fc19dd\" data-element_type=\"widget\" data-e-type=\"widget\" data-widget_type=\"text-editor.default\">\n\t\t\t\t<div class=\"elementor-widget-container\">\n\t\t\t\t\t\t\t\t\t<h5>GESETZ \u00dcBER DIENSTE DER INFORMATIONSGESELLSCHAFT (LSSI)<\/h5>\n<p>HOGARABITAT SERVICIOS INMOBILIARIOS S.L., verantwortlich f\u00fcr die Website, im Folgenden VERANTWORTLICHER genannt, stellt den Nutzern dieses Dokument zur Verf\u00fcgung, mit dem er die im Gesetz 34\/2002 vom 11. Juli \u00fcber die Dienste der Informationsgesellschaft und den elektronischen Handel (LSSICE), BOE Nr. 166, festgelegten Verpflichtungen erf\u00fcllen und alle Nutzer der Website \u00fcber die Nutzungsbedingungen informieren m\u00f6chte. Jede Person, die auf diese Website zugreift, \u00fcbernimmt die Rolle des Nutzers und verpflichtet sich zur Einhaltung und strikten Befolgung der hierin enthaltenen Bestimmungen sowie aller anderen m\u00f6glicherweise anwendbaren gesetzlichen Bestimmungen.<br \/>HOGARABITAT SERVICIOS INMOBILIARIOS S.L. beh\u00e4lt sich das Recht vor, jede Art von Information, die auf der Website erscheinen kann, zu \u00e4ndern, ohne dass eine Verpflichtung zur vorherigen Ank\u00fcndigung oder Information der Nutzer besteht, wobei die Ver\u00f6ffentlichung auf der Website von HOGARABITAT SERVICIOS INMOBILIARIOS S.L. als ausreichend angesehen wird.<\/p>\n<h5>1. IDENTIFIKATIONSDATEN<\/h5>\n<p>Dom\u00e4nenname: https:\/\/www.hogarabitatvlc.com\/<br \/>Handelsname: HogarAbitat<br \/>Name des Unternehmens: HOGARABITAT SERVICIOS INMOBILIARIOS S.L.<br \/>UMSATZSTEUER-IDENTIFIKATIONSNUMMER: B98885783<br \/>Eingetragener Sitz: AVDA. P\u00c9REZ GALDOS 42 , 46006 VALENCIA (VALENCIA)<br \/>Telefon: 961930082<br \/>E-Mail: hogarabitatvlc@hotmail.com<br \/>Eingetragen im Register (Handel \/ \u00d6ffentlichkeit): REGISTRO MERCANTIL DE VALENCIA TOMO 10235, LIBRO 7517, FOLIO 14, HOJA V-174608, INSCRIP 1a<\/p>\n<h5>2. RECHTE AN GEISTIGEM UND GEWERBLICHEM EIGENTUM<\/h5>\n<p>Die Website, einschlie\u00dflich, aber nicht beschr\u00e4nkt auf ihre Programmierung, Bearbeitung, Zusammenstellung und andere f\u00fcr ihren Betrieb notwendige Elemente, Designs, Logos, Texte und\/oder Grafiken, sind Eigentum der VERANTWORTLICHEN PARTEI oder verf\u00fcgen gegebenenfalls \u00fcber eine Lizenz oder ausdr\u00fcckliche Genehmigung der Urheber. Der gesamte Inhalt der Website ist durch die Vorschriften \u00fcber geistiges und gewerbliches Eigentum ordnungsgem\u00e4\u00df gesch\u00fctzt und in den entsprechenden \u00f6ffentlichen Registern eingetragen. Unabh\u00e4ngig von dem Zweck, f\u00fcr den sie bestimmt sind, bedarf die vollst\u00e4ndige oder teilweise Vervielf\u00e4ltigung, Nutzung, Verwertung, Verbreitung und Vermarktung in jedem Fall der vorherigen schriftlichen Genehmigung durch die VERANTWORTLICHE PARTEI. Jede unerlaubte Nutzung wird als schwerwiegende Verletzung der geistigen oder gewerblichen Eigentumsrechte des Urhebers angesehen. Die Designs, Logos, Texte und\/oder Grafiken, die nicht dem VERANTWORTLICHEN geh\u00f6ren und die auf der Website erscheinen k\u00f6nnen, geh\u00f6ren ihren jeweiligen Eigent\u00fcmern, die selbst f\u00fcr eventuelle Kontroversen verantwortlich sind, die in Bezug auf sie entstehen k\u00f6nnen. Der VERANTWORTLICHE gestattet Dritten ausdr\u00fccklich, direkt auf die spezifischen Inhalte der Website umzuleiten, auf jeden Fall aber auf die Hauptwebsite https:\/\/www.hogarabitat.com\/.<\/p>\n<p>Der VERANTWORTLICHE erkennt die entsprechenden Rechte an geistigem und gewerblichem Eigentum zugunsten ihrer Eigent\u00fcmer an, und ihre blo\u00dfe Erw\u00e4hnung oder ihr Erscheinen auf der Website impliziert weder das Vorhandensein von Rechten oder Verantwortung an ihnen noch eine Bef\u00fcrwortung, Unterst\u00fctzung oder Empfehlung durch denselben. Wenn Sie sich zu m\u00f6glichen Verletzungen von Rechten an geistigem oder gewerblichem Eigentum sowie zu Inhalten der Website \u00e4u\u00dfern m\u00f6chten, k\u00f6nnen Sie dies per E-Mail an hogarabitatvlc@hotmail.com tun.<\/p>\n<h5>3. HAFTUNGSAUSSCHLUSS<\/h5>\n<p>Der VERANTWORTLICHE lehnt jede Haftung f\u00fcr die auf seiner Website ver\u00f6ffentlichten Informationen ab, sofern diese Informationen von einem Dritten au\u00dferhalb der Website manipuliert oder eingegeben wurden.<\/p>\n<p><b>Verwendung von Cookies<\/b><br \/>Diese Website kann technische Cookies (kleine Informationsdateien, die der Server an den Computer der Person sendet, die auf die Seite zugreift) verwenden, um bestimmte Funktionen auszuf\u00fchren, die f\u00fcr das korrekte Funktionieren und die Darstellung der Website als wesentlich angesehen werden. Die verwendeten Cookies sind in jedem Fall vor\u00fcbergehender Natur und dienen ausschlie\u00dflich dem Zweck, das Surfen effizienter zu gestalten, und verschwinden am Ende der Sitzung des Nutzers. In keinem Fall liefern diese Cookies selbst personenbezogene Daten, und sie werden auch nicht zur Sammlung solcher Daten verwendet. Durch die Verwendung von Cookies ist es dem Server, auf dem sich die Website befindet, auch m\u00f6glich, den vom Nutzer verwendeten Browser zu erkennen, um das Surfen zu erleichtern und es beispielsweise Nutzern, die sich zuvor registriert haben, zu erm\u00f6glichen, auf Bereiche, Dienste, Aktionen oder Wettbewerbe zuzugreifen, die ausschlie\u00dflich ihnen vorbehalten sind, ohne sich bei jedem Besuch erneut registrieren zu m\u00fcssen. Sie k\u00f6nnen auch zur Messung der Besucherzahlen, der Verkehrsparameter, zur Kontrolle des Verlaufs und der Anzahl der Eintr\u00e4ge usw. verwendet werden, wobei es sich in diesen F\u00e4llen um technisch entbehrliche, aber f\u00fcr den Nutzer n\u00fctzliche Cookies handelt. Auf dieser Website werden keine entbehrlichen Cookies ohne die vorherige Zustimmung des Nutzers installiert. Der Nutzer hat die M\u00f6glichkeit, seinen Browser so zu konfigurieren, dass er vor dem Empfang von Cookies gewarnt wird und deren Installation auf seinem Ger\u00e4t verhindert. Weitere Informationen entnehmen Sie bitte der Anleitung Ihres Browsers.<\/p>\n<p><b>Verkn\u00fcpfungspolitik<\/b><br \/>Von der Website k\u00f6nnen Sie zu Inhalten auf Websites Dritter weitergeleitet werden. Da der VERANTWORTLICHE die von Dritten auf ihren jeweiligen Websites eingestellten Inhalte nicht immer kontrollieren kann, \u00fcbernimmt der VERANTWORTLICHE keine Haftung f\u00fcr diese Inhalte. In jedem Fall werden Inhalte, die gegen die nationale oder internationale Gesetzgebung, die guten Sitten oder die \u00f6ffentliche Ordnung versto\u00dfen k\u00f6nnten, unverz\u00fcglich entfernt, die Weiterleitung zu dieser Website unverz\u00fcglich aufgehoben und die zust\u00e4ndigen Beh\u00f6rden \u00fcber den betreffenden Inhalt informiert.<\/p>\n<p>Der VERANTWORTLICHE ist nicht f\u00fcr die Informationen und Inhalte verantwortlich, die in Foren, Chats, Bloggeneratoren, Kommentaren, sozialen Netzwerken oder anderen Medien gespeichert werden, die es Dritten erm\u00f6glichen, Inhalte unabh\u00e4ngig auf der Website des VERANTWORTLICHEN zu ver\u00f6ffentlichen. In \u00dcbereinstimmung mit den Bestimmungen der Artikel 11 und 16 des LSSICE stellt es sich jedoch allen Nutzern, Beh\u00f6rden und Sicherheitskr\u00e4ften zur Verf\u00fcgung und arbeitet aktiv an der Entfernung oder gegebenenfalls Sperrung aller Inhalte mit, die die nationale oder internationale Gesetzgebung, die Rechte Dritter oder die Moral und die \u00f6ffentliche Ordnung beeintr\u00e4chtigen oder verletzen k\u00f6nnten. Sollte der Nutzer der Ansicht sein, dass es auf der Website Inhalte gibt, die f\u00fcr diese Einstufung in Frage kommen k\u00f6nnten, benachrichtigen Sie bitte unverz\u00fcglich den Administrator der Website.<\/p>\n<p>Diese Website wurde \u00fcberpr\u00fcft und getestet, um sicherzustellen, dass sie korrekt funktioniert. Im Prinzip kann der ordnungsgem\u00e4\u00dfe Betrieb 365 Tage im Jahr, 24 Stunden am Tag gew\u00e4hrleistet werden. Die VERANTWORTLICHE PARTEI schlie\u00dft jedoch nicht aus, dass bestimmte Programmierfehler, h\u00f6here Gewalt, Naturkatastrophen, Streiks oder \u00e4hnliche Umst\u00e4nde auftreten k\u00f6nnen, die den Zugang zur Website unm\u00f6glich machen.<\/p>\n<p><b>IP-Adressen<\/b><br \/>Die Server der Website k\u00f6nnen die vom Nutzer verwendete IP-Adresse und den Dom\u00e4nennamen automatisch erkennen. Eine IP-Adresse ist eine Nummer, die einem Computer automatisch zugewiesen wird, wenn er sich mit dem Internet verbindet. Alle diese Informationen werden in einer ordnungsgem\u00e4\u00df registrierten Server-Aktivit\u00e4tsdatei gespeichert, die eine sp\u00e4tere Verarbeitung der Daten erm\u00f6glicht, um rein statistische Messungen zu erhalten, die es erm\u00f6glichen, die Anzahl der Seitenaufrufe, die Anzahl der Besuche auf den Webservern, die Reihenfolge der Besuche, den Zugangspunkt usw. zu ermitteln.<\/p>\n<h5>4. ANWENDBARES RECHT UND GERICHTSBARKEIT<\/h5>\n<p>F\u00fcr die Beilegung aller Streitigkeiten oder Fragen im Zusammenhang mit dieser Website oder den auf ihr durchgef\u00fchrten Aktivit\u00e4ten gilt die spanische Gesetzgebung, der sich die Parteien ausdr\u00fccklich unterwerfen, und die Gerichte in der N\u00e4he von VALENCIA sind f\u00fcr die Beilegung aller Streitigkeiten zust\u00e4ndig, die sich aus der Nutzung dieser Website ergeben oder damit zusammenh\u00e4ngen.<\/p>\n\t\t\t\t\t\t\t\t<\/div>\n\t\t\t\t<\/div>\n\t\t\t\t\t<\/div>\n\t\t<\/div>\n\t\t\t\t\t<\/div>\n\t\t<\/section>\n\t\t\t\t<\/div>\n\t\t","protected":false},"excerpt":{"rendered":"<p>WIR VERKAUFEN MEHR ALS 1 IMMOBILIEVOR EINEM NOTAR AUF DEN NEUESTEN STAND ZU BRINGEN. Eigenschaften anzeigen GESETZ \u00dcBER DIENSTE DER INFORMATIONSGESELLSCHAFT (LSSI) HOGARABITAT SERVICIOS INMOBILIARIOS S.L., verantwortlich f\u00fcr die Website, im Folgenden VERANTWORTLICHER genannt, stellt den Nutzern dieses Dokument zur Verf\u00fcgung, mit dem er die im Gesetz 34\/2002 vom 11. Juli \u00fcber die Dienste der [&hellip;]<\/p>\n","protected":false},"author":3,"featured_media":309,"parent":0,"menu_order":0,"comment_status":"closed","ping_status":"closed","template":"","meta":{"footnotes":""},"class_list":["post-399","page","type-page","status-publish","has-post-thumbnail","hentry"],"yoast_head":"<!-- This site is optimized with the Yoast SEO plugin v27.4 - https:\/\/yoast.com\/product\/yoast-seo-wordpress\/ -->\n<title>Rechtlicher Hinweis - El Blog de HogarAbitat<\/title>\n<meta name=\"robots\" content=\"index, follow, max-snippet:-1, max-image-preview:large, max-video-preview:-1\" \/>\n<link rel=\"canonical\" href=\"https:\/\/www.hogarabitat.online\/de\/rechtlicher-hinweis\/\" \/>\n<meta property=\"og:locale\" content=\"de_DE\" \/>\n<meta property=\"og:type\" content=\"article\" \/>\n<meta property=\"og:title\" content=\"Rechtlicher Hinweis - El Blog de HogarAbitat\" \/>\n<meta property=\"og:description\" content=\"WIR VERKAUFEN MEHR ALS 1 IMMOBILIEVOR EINEM NOTAR AUF DEN NEUESTEN STAND ZU BRINGEN. Eigenschaften anzeigen GESETZ \u00dcBER DIENSTE DER INFORMATIONSGESELLSCHAFT (LSSI) HOGARABITAT SERVICIOS INMOBILIARIOS S.L., verantwortlich f\u00fcr die Website, im Folgenden VERANTWORTLICHER genannt, stellt den Nutzern dieses Dokument zur Verf\u00fcgung, mit dem er die im Gesetz 34\/2002 vom 11. Juli \u00fcber die Dienste der [&hellip;]\" \/>\n<meta property=\"og:url\" content=\"https:\/\/www.hogarabitat.online\/de\/rechtlicher-hinweis\/\" \/>\n<meta property=\"og:site_name\" content=\"El Blog de HogarAbitat\" \/>\n<meta property=\"article:modified_time\" content=\"2023-07-20T07:27:51+00:00\" \/>\n<meta property=\"og:image\" content=\"https:\/\/www.hogarabitat.online\/wp-content\/uploads\/2023\/07\/logo_hogarabitat.png\" \/>\n\t<meta property=\"og:image:width\" content=\"1754\" \/>\n\t<meta property=\"og:image:height\" content=\"428\" \/>\n\t<meta property=\"og:image:type\" content=\"image\/png\" \/>\n<meta name=\"twitter:card\" content=\"summary_large_image\" \/>\n<meta name=\"twitter:label1\" content=\"Gesch\u00e4tzte Lesezeit\" \/>\n\t<meta name=\"twitter:data1\" content=\"6\u00a0Minuten\" \/>\n<script type=\"application\/ld+json\" class=\"yoast-schema-graph\">{\"@context\":\"https:\\\/\\\/schema.org\",\"@graph\":[{\"@type\":\"WebPage\",\"@id\":\"https:\\\/\\\/www.hogarabitat.online\\\/de\\\/rechtlicher-hinweis\\\/\",\"url\":\"https:\\\/\\\/www.hogarabitat.online\\\/de\\\/rechtlicher-hinweis\\\/\",\"name\":\"Rechtlicher Hinweis - El Blog de HogarAbitat\",\"isPartOf\":{\"@id\":\"https:\\\/\\\/www.hogarabitat.online\\\/de\\\/#website\"},\"primaryImageOfPage\":{\"@id\":\"https:\\\/\\\/www.hogarabitat.online\\\/de\\\/rechtlicher-hinweis\\\/#primaryimage\"},\"image\":{\"@id\":\"https:\\\/\\\/www.hogarabitat.online\\\/de\\\/rechtlicher-hinweis\\\/#primaryimage\"},\"thumbnailUrl\":\"https:\\\/\\\/www.hogarabitat.online\\\/wp-content\\\/uploads\\\/2023\\\/07\\\/logo_hogarabitat.png\",\"datePublished\":\"2023-07-17T23:04:08+00:00\",\"dateModified\":\"2023-07-20T07:27:51+00:00\",\"breadcrumb\":{\"@id\":\"https:\\\/\\\/www.hogarabitat.online\\\/de\\\/rechtlicher-hinweis\\\/#breadcrumb\"},\"inLanguage\":\"de\",\"potentialAction\":[{\"@type\":\"ReadAction\",\"target\":[\"https:\\\/\\\/www.hogarabitat.online\\\/de\\\/rechtlicher-hinweis\\\/\"]}]},{\"@type\":\"ImageObject\",\"inLanguage\":\"de\",\"@id\":\"https:\\\/\\\/www.hogarabitat.online\\\/de\\\/rechtlicher-hinweis\\\/#primaryimage\",\"url\":\"https:\\\/\\\/www.hogarabitat.online\\\/wp-content\\\/uploads\\\/2023\\\/07\\\/logo_hogarabitat.png\",\"contentUrl\":\"https:\\\/\\\/www.hogarabitat.online\\\/wp-content\\\/uploads\\\/2023\\\/07\\\/logo_hogarabitat.png\",\"width\":1754,\"height\":428},{\"@type\":\"BreadcrumbList\",\"@id\":\"https:\\\/\\\/www.hogarabitat.online\\\/de\\\/rechtlicher-hinweis\\\/#breadcrumb\",\"itemListElement\":[{\"@type\":\"ListItem\",\"position\":1,\"name\":\"Portada\",\"item\":\"https:\\\/\\\/www.hogarabitat.online\\\/de\\\/startseiteabitat\\\/\"},{\"@type\":\"ListItem\",\"position\":2,\"name\":\"Rechtlicher Hinweis\"}]},{\"@type\":\"WebSite\",\"@id\":\"https:\\\/\\\/www.hogarabitat.online\\\/de\\\/#website\",\"url\":\"https:\\\/\\\/www.hogarabitat.online\\\/de\\\/\",\"name\":\"El Blog de HogarAbitat\",\"description\":\"Noticias y Art\u00edculos de inter\u00e9s en el sector inmobiliario.\",\"publisher\":{\"@id\":\"https:\\\/\\\/www.hogarabitat.online\\\/de\\\/#organization\"},\"potentialAction\":[{\"@type\":\"SearchAction\",\"target\":{\"@type\":\"EntryPoint\",\"urlTemplate\":\"https:\\\/\\\/www.hogarabitat.online\\\/de\\\/?s={search_term_string}\"},\"query-input\":{\"@type\":\"PropertyValueSpecification\",\"valueRequired\":true,\"valueName\":\"search_term_string\"}}],\"inLanguage\":\"de\"},{\"@type\":\"Organization\",\"@id\":\"https:\\\/\\\/www.hogarabitat.online\\\/de\\\/#organization\",\"name\":\"El Blog de HogarAbitat\",\"url\":\"https:\\\/\\\/www.hogarabitat.online\\\/de\\\/\",\"logo\":{\"@type\":\"ImageObject\",\"inLanguage\":\"de\",\"@id\":\"https:\\\/\\\/www.hogarabitat.online\\\/de\\\/#\\\/schema\\\/logo\\\/image\\\/\",\"url\":\"https:\\\/\\\/wonderful-cohen.51-75-200-23.plesk.page\\\/wp-content\\\/uploads\\\/2023\\\/07\\\/logo_hogarabitat.png\",\"contentUrl\":\"https:\\\/\\\/wonderful-cohen.51-75-200-23.plesk.page\\\/wp-content\\\/uploads\\\/2023\\\/07\\\/logo_hogarabitat.png\",\"width\":1754,\"height\":428,\"caption\":\"El Blog de HogarAbitat\"},\"image\":{\"@id\":\"https:\\\/\\\/www.hogarabitat.online\\\/de\\\/#\\\/schema\\\/logo\\\/image\\\/\"}}]}<\/script>\n<!-- \/ Yoast SEO plugin. -->","yoast_head_json":{"title":"Rechtlicher Hinweis - El Blog de HogarAbitat","robots":{"index":"index","follow":"follow","max-snippet":"max-snippet:-1","max-image-preview":"max-image-preview:large","max-video-preview":"max-video-preview:-1"},"canonical":"https:\/\/www.hogarabitat.online\/de\/rechtlicher-hinweis\/","og_locale":"de_DE","og_type":"article","og_title":"Rechtlicher Hinweis - El Blog de HogarAbitat","og_description":"WIR VERKAUFEN MEHR ALS 1 IMMOBILIEVOR EINEM NOTAR AUF DEN NEUESTEN STAND ZU BRINGEN. Eigenschaften anzeigen GESETZ \u00dcBER DIENSTE DER INFORMATIONSGESELLSCHAFT (LSSI) HOGARABITAT SERVICIOS INMOBILIARIOS S.L., verantwortlich f\u00fcr die Website, im Folgenden VERANTWORTLICHER genannt, stellt den Nutzern dieses Dokument zur Verf\u00fcgung, mit dem er die im Gesetz 34\/2002 vom 11. Juli \u00fcber die Dienste der [&hellip;]","og_url":"https:\/\/www.hogarabitat.online\/de\/rechtlicher-hinweis\/","og_site_name":"El Blog de HogarAbitat","article_modified_time":"2023-07-20T07:27:51+00:00","og_image":[{"width":1754,"height":428,"url":"https:\/\/www.hogarabitat.online\/wp-content\/uploads\/2023\/07\/logo_hogarabitat.png","type":"image\/png"}],"twitter_card":"summary_large_image","twitter_misc":{"Gesch\u00e4tzte Lesezeit":"6\u00a0Minuten"},"schema":{"@context":"https:\/\/schema.org","@graph":[{"@type":"WebPage","@id":"https:\/\/www.hogarabitat.online\/de\/rechtlicher-hinweis\/","url":"https:\/\/www.hogarabitat.online\/de\/rechtlicher-hinweis\/","name":"Rechtlicher Hinweis - El Blog de HogarAbitat","isPartOf":{"@id":"https:\/\/www.hogarabitat.online\/de\/#website"},"primaryImageOfPage":{"@id":"https:\/\/www.hogarabitat.online\/de\/rechtlicher-hinweis\/#primaryimage"},"image":{"@id":"https:\/\/www.hogarabitat.online\/de\/rechtlicher-hinweis\/#primaryimage"},"thumbnailUrl":"https:\/\/www.hogarabitat.online\/wp-content\/uploads\/2023\/07\/logo_hogarabitat.png","datePublished":"2023-07-17T23:04:08+00:00","dateModified":"2023-07-20T07:27:51+00:00","breadcrumb":{"@id":"https:\/\/www.hogarabitat.online\/de\/rechtlicher-hinweis\/#breadcrumb"},"inLanguage":"de","potentialAction":[{"@type":"ReadAction","target":["https:\/\/www.hogarabitat.online\/de\/rechtlicher-hinweis\/"]}]},{"@type":"ImageObject","inLanguage":"de","@id":"https:\/\/www.hogarabitat.online\/de\/rechtlicher-hinweis\/#primaryimage","url":"https:\/\/www.hogarabitat.online\/wp-content\/uploads\/2023\/07\/logo_hogarabitat.png","contentUrl":"https:\/\/www.hogarabitat.online\/wp-content\/uploads\/2023\/07\/logo_hogarabitat.png","width":1754,"height":428},{"@type":"BreadcrumbList","@id":"https:\/\/www.hogarabitat.online\/de\/rechtlicher-hinweis\/#breadcrumb","itemListElement":[{"@type":"ListItem","position":1,"name":"Portada","item":"https:\/\/www.hogarabitat.online\/de\/startseiteabitat\/"},{"@type":"ListItem","position":2,"name":"Rechtlicher Hinweis"}]},{"@type":"WebSite","@id":"https:\/\/www.hogarabitat.online\/de\/#website","url":"https:\/\/www.hogarabitat.online\/de\/","name":"El Blog de HogarAbitat","description":"Noticias y Art\u00edculos de inter\u00e9s en el sector inmobiliario.","publisher":{"@id":"https:\/\/www.hogarabitat.online\/de\/#organization"},"potentialAction":[{"@type":"SearchAction","target":{"@type":"EntryPoint","urlTemplate":"https:\/\/www.hogarabitat.online\/de\/?s={search_term_string}"},"query-input":{"@type":"PropertyValueSpecification","valueRequired":true,"valueName":"search_term_string"}}],"inLanguage":"de"},{"@type":"Organization","@id":"https:\/\/www.hogarabitat.online\/de\/#organization","name":"El Blog de HogarAbitat","url":"https:\/\/www.hogarabitat.online\/de\/","logo":{"@type":"ImageObject","inLanguage":"de","@id":"https:\/\/www.hogarabitat.online\/de\/#\/schema\/logo\/image\/","url":"https:\/\/wonderful-cohen.51-75-200-23.plesk.page\/wp-content\/uploads\/2023\/07\/logo_hogarabitat.png","contentUrl":"https:\/\/wonderful-cohen.51-75-200-23.plesk.page\/wp-content\/uploads\/2023\/07\/logo_hogarabitat.png","width":1754,"height":428,"caption":"El Blog de HogarAbitat"},"image":{"@id":"https:\/\/www.hogarabitat.online\/de\/#\/schema\/logo\/image\/"}}]}},"_links":{"self":[{"href":"https:\/\/www.hogarabitat.online\/de\/wp-json\/wp\/v2\/pages\/399","targetHints":{"allow":["GET"]}}],"collection":[{"href":"https:\/\/www.hogarabitat.online\/de\/wp-json\/wp\/v2\/pages"}],"about":[{"href":"https:\/\/www.hogarabitat.online\/de\/wp-json\/wp\/v2\/types\/page"}],"author":[{"embeddable":true,"href":"https:\/\/www.hogarabitat.online\/de\/wp-json\/wp\/v2\/users\/3"}],"replies":[{"embeddable":true,"href":"https:\/\/www.hogarabitat.online\/de\/wp-json\/wp\/v2\/comments?post=399"}],"version-history":[{"count":1,"href":"https:\/\/www.hogarabitat.online\/de\/wp-json\/wp\/v2\/pages\/399\/revisions"}],"predecessor-version":[{"id":402,"href":"https:\/\/www.hogarabitat.online\/de\/wp-json\/wp\/v2\/pages\/399\/revisions\/402"}],"wp:featuredmedia":[{"embeddable":true,"href":"https:\/\/www.hogarabitat.online\/de\/wp-json\/wp\/v2\/media\/309"}],"wp:attachment":[{"href":"https:\/\/www.hogarabitat.online\/de\/wp-json\/wp\/v2\/media?parent=399"}],"curies":[{"name":"wp","href":"https:\/\/api.w.org\/{rel}","templated":true}]}}