{"id":403,"date":"2023-07-18T01:04:11","date_gmt":"2023-07-17T23:04:11","guid":{"rendered":"https:\/\/wonderful-cohen.51-75-200-23.plesk.page\/cookie-richtlinie\/"},"modified":"2023-07-20T09:27:51","modified_gmt":"2023-07-20T07:27:51","slug":"cookie-richtlinie","status":"publish","type":"page","link":"https:\/\/www.hogarabitat.online\/de\/cookie-richtlinie\/","title":{"rendered":"Cookie-Richtlinie"},"content":{"rendered":"\t\t<div data-elementor-type=\"wp-page\" data-elementor-id=\"403\" class=\"elementor elementor-403 elementor-51\" data-elementor-post-type=\"page\">\n\t\t\t\t\t\t<section class=\"elementor-section elementor-top-section elementor-element elementor-element-5366202 elementor-section-boxed elementor-section-height-default elementor-section-height-default\" data-id=\"5366202\" data-element_type=\"section\" data-e-type=\"section\" data-settings=\"{&quot;background_background&quot;:&quot;classic&quot;}\">\n\t\t\t\t\t\t<div class=\"elementor-container elementor-column-gap-default\">\n\t\t\t\t\t<div class=\"elementor-column elementor-col-100 elementor-top-column elementor-element elementor-element-9055294\" data-id=\"9055294\" data-element_type=\"column\" data-e-type=\"column\">\n\t\t\t<div class=\"elementor-widget-wrap elementor-element-populated\">\n\t\t\t\t\t\t<div class=\"elementor-element elementor-element-d942065 elementor-widget elementor-widget-text-editor\" data-id=\"d942065\" data-element_type=\"widget\" data-e-type=\"widget\" data-widget_type=\"text-editor.default\">\n\t\t\t\t<div class=\"elementor-widget-container\">\n\t\t\t\t\t\t\t\t\t<p>WIR VERKAUFEN <span style=\"color: #f5204b;\">MEHR ALS 1 IMMOBILIE<\/span><br \/>VOR EINEM NOTAR AUF DEN NEUESTEN STAND ZU BRINGEN.<\/p>\n\t\t\t\t\t\t\t\t<\/div>\n\t\t\t\t<\/div>\n\t\t\t\t<div class=\"elementor-element elementor-element-c879959 elementor-widget elementor-widget-button\" data-id=\"c879959\" data-element_type=\"widget\" data-e-type=\"widget\" data-widget_type=\"button.default\">\n\t\t\t\t<div class=\"elementor-widget-container\">\n\t\t\t\t\t\t\t\t\t<div class=\"elementor-button-wrapper\">\n\t\t\t\t\t<a class=\"elementor-button elementor-button-link elementor-size-sm\" href=\"https:\/\/www.hogarabitat.com\/\">\n\t\t\t\t\t\t<span class=\"elementor-button-content-wrapper\">\n\t\t\t\t\t\t\t\t\t<span class=\"elementor-button-text\">Eigenschaften anzeigen<\/span>\n\t\t\t\t\t<\/span>\n\t\t\t\t\t<\/a>\n\t\t\t\t<\/div>\n\t\t\t\t\t\t\t\t<\/div>\n\t\t\t\t<\/div>\n\t\t\t\t\t<\/div>\n\t\t<\/div>\n\t\t\t\t\t<\/div>\n\t\t<\/section>\n\t\t\t\t<section class=\"elementor-section elementor-top-section elementor-element elementor-element-28363fb elementor-section-boxed elementor-section-height-default elementor-section-height-default\" data-id=\"28363fb\" data-element_type=\"section\" data-e-type=\"section\">\n\t\t\t\t\t\t<div class=\"elementor-container elementor-column-gap-default\">\n\t\t\t\t\t<div class=\"elementor-column elementor-col-100 elementor-top-column elementor-element elementor-element-58e8c4e\" data-id=\"58e8c4e\" data-element_type=\"column\" data-e-type=\"column\">\n\t\t\t<div class=\"elementor-widget-wrap elementor-element-populated\">\n\t\t\t\t\t\t<div class=\"elementor-element elementor-element-2ed95a8 elementor-widget elementor-widget-heading\" data-id=\"2ed95a8\" data-element_type=\"widget\" data-e-type=\"widget\" data-widget_type=\"heading.default\">\n\t\t\t\t<div class=\"elementor-widget-container\">\n\t\t\t\t\t<h2 class=\"elementor-heading-title elementor-size-default\">Cookie-Richtlinie<\/h2>\t\t\t\t<\/div>\n\t\t\t\t<\/div>\n\t\t\t\t\t<\/div>\n\t\t<\/div>\n\t\t\t\t\t<\/div>\n\t\t<\/section>\n\t\t\t\t<section class=\"elementor-section elementor-top-section elementor-element elementor-element-1f62010 elementor-section-boxed elementor-section-height-default elementor-section-height-default\" data-id=\"1f62010\" data-element_type=\"section\" data-e-type=\"section\">\n\t\t\t\t\t\t<div class=\"elementor-container elementor-column-gap-default\">\n\t\t\t\t\t<div class=\"elementor-column elementor-col-100 elementor-top-column elementor-element elementor-element-c9547db\" data-id=\"c9547db\" data-element_type=\"column\" data-e-type=\"column\">\n\t\t\t<div class=\"elementor-widget-wrap elementor-element-populated\">\n\t\t\t\t\t\t<div class=\"elementor-element elementor-element-5fc19dd elementor-widget elementor-widget-text-editor\" data-id=\"5fc19dd\" data-element_type=\"widget\" data-e-type=\"widget\" data-widget_type=\"text-editor.default\">\n\t\t\t\t<div class=\"elementor-widget-container\">\n\t\t\t\t\t\t\t\t\t<h5>INFORMATIONEN \u00dcBER COOKIES<\/h5>\n<p>Aufgrund des Inkrafttretens der \u00c4nderung des &#8222;Ley de Servicios de la Sociedad de la Sociedad de la Informaci\u00f3n&#8220; (LSSICE), die durch das K\u00f6nigliche Dekret 13\/2012 eingef\u00fchrt wurde, ist es zwingend erforderlich, die ausdr\u00fcckliche Zustimmung des Benutzers aller Websites, die entbehrliche Cookies verwenden, einzuholen, bevor der Benutzer sie besucht.<\/p>\n<h5>WAS SIND COOKIES?<\/h5>\n<p>Cookies und andere \u00e4hnliche Technologien wie Local Shared Objects, Flash-Cookies oder Pixel sind Hilfsmittel, die von Webservern verwendet werden, um Informationen \u00fcber ihre Besucher zu speichern und abzurufen und um ein ordnungsgem\u00e4\u00dfes Funktionieren der Website zu gew\u00e4hrleisten. Die Verwendung dieser Ger\u00e4te erm\u00f6glicht es dem Webserver, sich einige Daten \u00fcber den Benutzer zu merken, z. B. seine Vorlieben f\u00fcr die Anzeige der Seiten dieses Servers, seinen Namen und sein Passwort, die Produkte, f\u00fcr die er sich am meisten interessiert, usw.<\/p>\n<h5>COOKIES, DIE VON DER VERORDNUNG BETROFFEN SIND, UND AUSGENOMMENE COOKIES<\/h5>\n<p>Gem\u00e4\u00df der EU-Richtlinie handelt es sich bei den Cookies, die die Zustimmung des Nutzers erfordern, um analytische Cookies sowie Werbe- und Partnerschafts-Cookies, mit Ausnahme von technischen Cookies und solchen, die f\u00fcr den Betrieb der Website oder die Erbringung der vom Nutzer ausdr\u00fccklich gew\u00fcnschten Dienstleistungen erforderlich sind.<\/p>\n<h5>WELCHE ARTEN VON COOKIES GIBT ES?<\/h5>\n<p>Es gibt f\u00fcnf Hauptgruppen von Cookies:<\/p>\n<ul>\n<li><strong>Analytische Cookies: Diese<\/strong> sammeln Informationen \u00fcber die Nutzung der Website.<\/li>\n<li><strong>Soziale Cookies:<\/strong> Diese sind f\u00fcr soziale Netzwerke erforderlich.<\/li>\n<li><strong>Partner-Cookies: Diese<\/strong> erm\u00f6glichen die Nachverfolgung von Besuchen anderer Websites, mit denen die Website einen Partnerschaftsvertrag abgeschlossen hat (Partnerunternehmen).<\/li>\n<li><strong>Werbe- und Verhaltens-Cookies: Diese<\/strong> sammeln Informationen \u00fcber die Vorlieben und pers\u00f6nlichen Entscheidungen des Nutzers (Retargeting).<\/li>\n<li><strong>Technische und funktionelle Cookies:<\/strong> Diese sind f\u00fcr die Nutzung der Website und die Erbringung der vertraglich vereinbarten Dienstleistung unbedingt erforderlich.<\/li>\n<\/ul>\n<h5>AUF DIESER WEBSITE VERWENDETE COOKIES<\/h5>\n<ul>\n<li><strong>PHPSESSID:<\/strong> technischer und unbedingt notwendiger Cookie, der den Sitzungsidentifikator enth\u00e4lt. Sie wird gel\u00f6scht, wenn der Browser geschlossen wird.<\/li>\n<li><strong>_lang:<\/strong> technischer und unbedingt notwendiger Cookie, der die Sprache der Sitzung enth\u00e4lt. Sie wird gel\u00f6scht, wenn der Browser geschlossen wird.<\/li>\n<\/ul>\n\t\t\t\t\t\t\t\t<\/div>\n\t\t\t\t<\/div>\n\t\t\t\t\t<\/div>\n\t\t<\/div>\n\t\t\t\t\t<\/div>\n\t\t<\/section>\n\t\t\t\t<\/div>\n\t\t","protected":false},"excerpt":{"rendered":"<p>WIR VERKAUFEN MEHR ALS 1 IMMOBILIEVOR EINEM NOTAR AUF DEN NEUESTEN STAND ZU BRINGEN. Eigenschaften anzeigen INFORMATIONEN \u00dcBER COOKIES Aufgrund des Inkrafttretens der \u00c4nderung des &#8222;Ley de Servicios de la Sociedad de la Sociedad de la Informaci\u00f3n&#8220; (LSSICE), die durch das K\u00f6nigliche Dekret 13\/2012 eingef\u00fchrt wurde, ist es zwingend erforderlich, die ausdr\u00fcckliche Zustimmung des Benutzers [&hellip;]<\/p>\n","protected":false},"author":3,"featured_media":309,"parent":0,"menu_order":0,"comment_status":"closed","ping_status":"closed","template":"","meta":{"footnotes":""},"class_list":["post-403","page","type-page","status-publish","has-post-thumbnail","hentry"],"yoast_head":"<!-- This site is optimized with the Yoast SEO plugin v27.4 - https:\/\/yoast.com\/product\/yoast-seo-wordpress\/ -->\n<title>Cookie-Richtlinie - El Blog de HogarAbitat<\/title>\n<meta name=\"robots\" content=\"index, follow, max-snippet:-1, max-image-preview:large, max-video-preview:-1\" \/>\n<link rel=\"canonical\" href=\"https:\/\/www.hogarabitat.online\/de\/cookie-richtlinie\/\" \/>\n<meta property=\"og:locale\" content=\"de_DE\" \/>\n<meta property=\"og:type\" content=\"article\" \/>\n<meta property=\"og:title\" content=\"Cookie-Richtlinie - El Blog de HogarAbitat\" \/>\n<meta property=\"og:description\" content=\"WIR VERKAUFEN MEHR ALS 1 IMMOBILIEVOR EINEM NOTAR AUF DEN NEUESTEN STAND ZU BRINGEN. Eigenschaften anzeigen INFORMATIONEN \u00dcBER COOKIES Aufgrund des Inkrafttretens der \u00c4nderung des &#8222;Ley de Servicios de la Sociedad de la Sociedad de la Informaci\u00f3n&#8220; (LSSICE), die durch das K\u00f6nigliche Dekret 13\/2012 eingef\u00fchrt wurde, ist es zwingend erforderlich, die ausdr\u00fcckliche Zustimmung des Benutzers [&hellip;]\" \/>\n<meta property=\"og:url\" content=\"https:\/\/www.hogarabitat.online\/de\/cookie-richtlinie\/\" \/>\n<meta property=\"og:site_name\" content=\"El Blog de HogarAbitat\" \/>\n<meta property=\"article:modified_time\" content=\"2023-07-20T07:27:51+00:00\" \/>\n<meta property=\"og:image\" content=\"https:\/\/www.hogarabitat.online\/wp-content\/uploads\/2023\/07\/logo_hogarabitat.png\" \/>\n\t<meta property=\"og:image:width\" content=\"1754\" \/>\n\t<meta property=\"og:image:height\" content=\"428\" \/>\n\t<meta property=\"og:image:type\" content=\"image\/png\" \/>\n<meta name=\"twitter:card\" content=\"summary_large_image\" \/>\n<meta name=\"twitter:label1\" content=\"Gesch\u00e4tzte Lesezeit\" \/>\n\t<meta name=\"twitter:data1\" content=\"2\u00a0Minuten\" \/>\n<script type=\"application\/ld+json\" class=\"yoast-schema-graph\">{\"@context\":\"https:\\\/\\\/schema.org\",\"@graph\":[{\"@type\":\"WebPage\",\"@id\":\"https:\\\/\\\/www.hogarabitat.online\\\/de\\\/cookie-richtlinie\\\/\",\"url\":\"https:\\\/\\\/www.hogarabitat.online\\\/de\\\/cookie-richtlinie\\\/\",\"name\":\"Cookie-Richtlinie - El Blog de HogarAbitat\",\"isPartOf\":{\"@id\":\"https:\\\/\\\/www.hogarabitat.online\\\/de\\\/#website\"},\"primaryImageOfPage\":{\"@id\":\"https:\\\/\\\/www.hogarabitat.online\\\/de\\\/cookie-richtlinie\\\/#primaryimage\"},\"image\":{\"@id\":\"https:\\\/\\\/www.hogarabitat.online\\\/de\\\/cookie-richtlinie\\\/#primaryimage\"},\"thumbnailUrl\":\"https:\\\/\\\/www.hogarabitat.online\\\/wp-content\\\/uploads\\\/2023\\\/07\\\/logo_hogarabitat.png\",\"datePublished\":\"2023-07-17T23:04:11+00:00\",\"dateModified\":\"2023-07-20T07:27:51+00:00\",\"breadcrumb\":{\"@id\":\"https:\\\/\\\/www.hogarabitat.online\\\/de\\\/cookie-richtlinie\\\/#breadcrumb\"},\"inLanguage\":\"de\",\"potentialAction\":[{\"@type\":\"ReadAction\",\"target\":[\"https:\\\/\\\/www.hogarabitat.online\\\/de\\\/cookie-richtlinie\\\/\"]}]},{\"@type\":\"ImageObject\",\"inLanguage\":\"de\",\"@id\":\"https:\\\/\\\/www.hogarabitat.online\\\/de\\\/cookie-richtlinie\\\/#primaryimage\",\"url\":\"https:\\\/\\\/www.hogarabitat.online\\\/wp-content\\\/uploads\\\/2023\\\/07\\\/logo_hogarabitat.png\",\"contentUrl\":\"https:\\\/\\\/www.hogarabitat.online\\\/wp-content\\\/uploads\\\/2023\\\/07\\\/logo_hogarabitat.png\",\"width\":1754,\"height\":428},{\"@type\":\"BreadcrumbList\",\"@id\":\"https:\\\/\\\/www.hogarabitat.online\\\/de\\\/cookie-richtlinie\\\/#breadcrumb\",\"itemListElement\":[{\"@type\":\"ListItem\",\"position\":1,\"name\":\"Portada\",\"item\":\"https:\\\/\\\/www.hogarabitat.online\\\/de\\\/startseiteabitat\\\/\"},{\"@type\":\"ListItem\",\"position\":2,\"name\":\"Cookie-Richtlinie\"}]},{\"@type\":\"WebSite\",\"@id\":\"https:\\\/\\\/www.hogarabitat.online\\\/de\\\/#website\",\"url\":\"https:\\\/\\\/www.hogarabitat.online\\\/de\\\/\",\"name\":\"El Blog de HogarAbitat\",\"description\":\"Noticias y Art\u00edculos de inter\u00e9s en el sector inmobiliario.\",\"publisher\":{\"@id\":\"https:\\\/\\\/www.hogarabitat.online\\\/de\\\/#organization\"},\"potentialAction\":[{\"@type\":\"SearchAction\",\"target\":{\"@type\":\"EntryPoint\",\"urlTemplate\":\"https:\\\/\\\/www.hogarabitat.online\\\/de\\\/?s={search_term_string}\"},\"query-input\":{\"@type\":\"PropertyValueSpecification\",\"valueRequired\":true,\"valueName\":\"search_term_string\"}}],\"inLanguage\":\"de\"},{\"@type\":\"Organization\",\"@id\":\"https:\\\/\\\/www.hogarabitat.online\\\/de\\\/#organization\",\"name\":\"El Blog de HogarAbitat\",\"url\":\"https:\\\/\\\/www.hogarabitat.online\\\/de\\\/\",\"logo\":{\"@type\":\"ImageObject\",\"inLanguage\":\"de\",\"@id\":\"https:\\\/\\\/www.hogarabitat.online\\\/de\\\/#\\\/schema\\\/logo\\\/image\\\/\",\"url\":\"https:\\\/\\\/wonderful-cohen.51-75-200-23.plesk.page\\\/wp-content\\\/uploads\\\/2023\\\/07\\\/logo_hogarabitat.png\",\"contentUrl\":\"https:\\\/\\\/wonderful-cohen.51-75-200-23.plesk.page\\\/wp-content\\\/uploads\\\/2023\\\/07\\\/logo_hogarabitat.png\",\"width\":1754,\"height\":428,\"caption\":\"El Blog de HogarAbitat\"},\"image\":{\"@id\":\"https:\\\/\\\/www.hogarabitat.online\\\/de\\\/#\\\/schema\\\/logo\\\/image\\\/\"}}]}<\/script>\n<!-- \/ Yoast SEO plugin. -->","yoast_head_json":{"title":"Cookie-Richtlinie - El Blog de HogarAbitat","robots":{"index":"index","follow":"follow","max-snippet":"max-snippet:-1","max-image-preview":"max-image-preview:large","max-video-preview":"max-video-preview:-1"},"canonical":"https:\/\/www.hogarabitat.online\/de\/cookie-richtlinie\/","og_locale":"de_DE","og_type":"article","og_title":"Cookie-Richtlinie - El Blog de HogarAbitat","og_description":"WIR VERKAUFEN MEHR ALS 1 IMMOBILIEVOR EINEM NOTAR AUF DEN NEUESTEN STAND ZU BRINGEN. Eigenschaften anzeigen INFORMATIONEN \u00dcBER COOKIES Aufgrund des Inkrafttretens der \u00c4nderung des &#8222;Ley de Servicios de la Sociedad de la Sociedad de la Informaci\u00f3n&#8220; (LSSICE), die durch das K\u00f6nigliche Dekret 13\/2012 eingef\u00fchrt wurde, ist es zwingend erforderlich, die ausdr\u00fcckliche Zustimmung des Benutzers [&hellip;]","og_url":"https:\/\/www.hogarabitat.online\/de\/cookie-richtlinie\/","og_site_name":"El Blog de HogarAbitat","article_modified_time":"2023-07-20T07:27:51+00:00","og_image":[{"width":1754,"height":428,"url":"https:\/\/www.hogarabitat.online\/wp-content\/uploads\/2023\/07\/logo_hogarabitat.png","type":"image\/png"}],"twitter_card":"summary_large_image","twitter_misc":{"Gesch\u00e4tzte Lesezeit":"2\u00a0Minuten"},"schema":{"@context":"https:\/\/schema.org","@graph":[{"@type":"WebPage","@id":"https:\/\/www.hogarabitat.online\/de\/cookie-richtlinie\/","url":"https:\/\/www.hogarabitat.online\/de\/cookie-richtlinie\/","name":"Cookie-Richtlinie - El Blog de HogarAbitat","isPartOf":{"@id":"https:\/\/www.hogarabitat.online\/de\/#website"},"primaryImageOfPage":{"@id":"https:\/\/www.hogarabitat.online\/de\/cookie-richtlinie\/#primaryimage"},"image":{"@id":"https:\/\/www.hogarabitat.online\/de\/cookie-richtlinie\/#primaryimage"},"thumbnailUrl":"https:\/\/www.hogarabitat.online\/wp-content\/uploads\/2023\/07\/logo_hogarabitat.png","datePublished":"2023-07-17T23:04:11+00:00","dateModified":"2023-07-20T07:27:51+00:00","breadcrumb":{"@id":"https:\/\/www.hogarabitat.online\/de\/cookie-richtlinie\/#breadcrumb"},"inLanguage":"de","potentialAction":[{"@type":"ReadAction","target":["https:\/\/www.hogarabitat.online\/de\/cookie-richtlinie\/"]}]},{"@type":"ImageObject","inLanguage":"de","@id":"https:\/\/www.hogarabitat.online\/de\/cookie-richtlinie\/#primaryimage","url":"https:\/\/www.hogarabitat.online\/wp-content\/uploads\/2023\/07\/logo_hogarabitat.png","contentUrl":"https:\/\/www.hogarabitat.online\/wp-content\/uploads\/2023\/07\/logo_hogarabitat.png","width":1754,"height":428},{"@type":"BreadcrumbList","@id":"https:\/\/www.hogarabitat.online\/de\/cookie-richtlinie\/#breadcrumb","itemListElement":[{"@type":"ListItem","position":1,"name":"Portada","item":"https:\/\/www.hogarabitat.online\/de\/startseiteabitat\/"},{"@type":"ListItem","position":2,"name":"Cookie-Richtlinie"}]},{"@type":"WebSite","@id":"https:\/\/www.hogarabitat.online\/de\/#website","url":"https:\/\/www.hogarabitat.online\/de\/","name":"El Blog de HogarAbitat","description":"Noticias y Art\u00edculos de inter\u00e9s en el sector inmobiliario.","publisher":{"@id":"https:\/\/www.hogarabitat.online\/de\/#organization"},"potentialAction":[{"@type":"SearchAction","target":{"@type":"EntryPoint","urlTemplate":"https:\/\/www.hogarabitat.online\/de\/?s={search_term_string}"},"query-input":{"@type":"PropertyValueSpecification","valueRequired":true,"valueName":"search_term_string"}}],"inLanguage":"de"},{"@type":"Organization","@id":"https:\/\/www.hogarabitat.online\/de\/#organization","name":"El Blog de HogarAbitat","url":"https:\/\/www.hogarabitat.online\/de\/","logo":{"@type":"ImageObject","inLanguage":"de","@id":"https:\/\/www.hogarabitat.online\/de\/#\/schema\/logo\/image\/","url":"https:\/\/wonderful-cohen.51-75-200-23.plesk.page\/wp-content\/uploads\/2023\/07\/logo_hogarabitat.png","contentUrl":"https:\/\/wonderful-cohen.51-75-200-23.plesk.page\/wp-content\/uploads\/2023\/07\/logo_hogarabitat.png","width":1754,"height":428,"caption":"El Blog de HogarAbitat"},"image":{"@id":"https:\/\/www.hogarabitat.online\/de\/#\/schema\/logo\/image\/"}}]}},"_links":{"self":[{"href":"https:\/\/www.hogarabitat.online\/de\/wp-json\/wp\/v2\/pages\/403","targetHints":{"allow":["GET"]}}],"collection":[{"href":"https:\/\/www.hogarabitat.online\/de\/wp-json\/wp\/v2\/pages"}],"about":[{"href":"https:\/\/www.hogarabitat.online\/de\/wp-json\/wp\/v2\/types\/page"}],"author":[{"embeddable":true,"href":"https:\/\/www.hogarabitat.online\/de\/wp-json\/wp\/v2\/users\/3"}],"replies":[{"embeddable":true,"href":"https:\/\/www.hogarabitat.online\/de\/wp-json\/wp\/v2\/comments?post=403"}],"version-history":[{"count":1,"href":"https:\/\/www.hogarabitat.online\/de\/wp-json\/wp\/v2\/pages\/403\/revisions"}],"predecessor-version":[{"id":404,"href":"https:\/\/www.hogarabitat.online\/de\/wp-json\/wp\/v2\/pages\/403\/revisions\/404"}],"wp:featuredmedia":[{"embeddable":true,"href":"https:\/\/www.hogarabitat.online\/de\/wp-json\/wp\/v2\/media\/309"}],"wp:attachment":[{"href":"https:\/\/www.hogarabitat.online\/de\/wp-json\/wp\/v2\/media?parent=403"}],"curies":[{"name":"wp","href":"https:\/\/api.w.org\/{rel}","templated":true}]}}