{"id":435,"date":"2023-07-19T11:53:46","date_gmt":"2023-07-19T09:53:46","guid":{"rendered":"https:\/\/wonderful-cohen.51-75-200-23.plesk.page\/besuchen-sie\/"},"modified":"2023-08-10T14:13:59","modified_gmt":"2023-08-10T12:13:59","slug":"besuchen-sie","status":"publish","type":"page","link":"https:\/\/www.hogarabitat.online\/de\/besuchen-sie\/","title":{"rendered":"Besuchen Sie"},"content":{"rendered":"\t\t<div data-elementor-type=\"wp-page\" data-elementor-id=\"435\" class=\"elementor elementor-435 elementor-253\" data-elementor-post-type=\"page\">\n\t\t\t\t\t\t<section class=\"elementor-section elementor-top-section elementor-element elementor-element-679d55a elementor-section-boxed elementor-section-height-default elementor-section-height-default\" data-id=\"679d55a\" data-element_type=\"section\" data-e-type=\"section\" data-settings=\"{&quot;background_background&quot;:&quot;classic&quot;}\">\n\t\t\t\t\t\t<div class=\"elementor-container elementor-column-gap-default\">\n\t\t\t\t\t<div class=\"elementor-column elementor-col-100 elementor-top-column elementor-element elementor-element-4860ab5\" data-id=\"4860ab5\" data-element_type=\"column\" data-e-type=\"column\">\n\t\t\t<div class=\"elementor-widget-wrap elementor-element-populated\">\n\t\t\t\t\t\t<div class=\"elementor-element elementor-element-0f955a4 elementor-widget elementor-widget-text-editor\" data-id=\"0f955a4\" data-element_type=\"widget\" data-e-type=\"widget\" data-widget_type=\"text-editor.default\">\n\t\t\t\t<div class=\"elementor-widget-container\">\n\t\t\t\t\t\t\t\t\t<p>WIR VERKAUFEN <span style=\"color: #f5204b;\">MEHR ALS 1 IMMOBILIE<\/span><br \/>VOR EINEM NOTAR AUF DEN NEUESTEN STAND ZU BRINGEN.<\/p>\n\t\t\t\t\t\t\t\t<\/div>\n\t\t\t\t<\/div>\n\t\t\t\t<div class=\"elementor-element elementor-element-19c904b elementor-widget elementor-widget-button\" data-id=\"19c904b\" data-element_type=\"widget\" data-e-type=\"widget\" data-widget_type=\"button.default\">\n\t\t\t\t<div class=\"elementor-widget-container\">\n\t\t\t\t\t\t\t\t\t<div class=\"elementor-button-wrapper\">\n\t\t\t\t\t<a class=\"elementor-button elementor-button-link elementor-size-sm\" href=\"https:\/\/www.hogarabitat.com\/\">\n\t\t\t\t\t\t<span class=\"elementor-button-content-wrapper\">\n\t\t\t\t\t\t\t\t\t<span class=\"elementor-button-text\">Eigenschaften anzeigen<\/span>\n\t\t\t\t\t<\/span>\n\t\t\t\t\t<\/a>\n\t\t\t\t<\/div>\n\t\t\t\t\t\t\t\t<\/div>\n\t\t\t\t<\/div>\n\t\t\t\t\t<\/div>\n\t\t<\/div>\n\t\t\t\t\t<\/div>\n\t\t<\/section>\n\t\t\t\t<section class=\"elementor-section elementor-top-section elementor-element elementor-element-b52116e elementor-section-boxed elementor-section-height-default elementor-section-height-default\" data-id=\"b52116e\" data-element_type=\"section\" data-e-type=\"section\">\n\t\t\t\t\t\t<div class=\"elementor-container elementor-column-gap-default\">\n\t\t\t\t\t<div class=\"elementor-column elementor-col-100 elementor-top-column elementor-element elementor-element-56962f9\" data-id=\"56962f9\" data-element_type=\"column\" data-e-type=\"column\">\n\t\t\t<div class=\"elementor-widget-wrap elementor-element-populated\">\n\t\t\t\t\t\t<div class=\"elementor-element elementor-element-e1ea97f elementor-widget elementor-widget-text-editor\" data-id=\"e1ea97f\" data-element_type=\"widget\" data-e-type=\"widget\" data-widget_type=\"text-editor.default\">\n\t\t\t\t<div class=\"elementor-widget-container\">\n\t\t\t\t\t\t\t\t\t<h2 style=\"text-align: center;\"><span style=\"color: #ff0b43;\">Besuch<\/span> anfordern<\/h2>\n\t\t\t\t\t\t\t\t<\/div>\n\t\t\t\t<\/div>\n\t\t\t\t<div class=\"elementor-element elementor-element-91662fb elementor-widget elementor-widget-text-editor\" data-id=\"91662fb\" data-element_type=\"widget\" data-e-type=\"widget\" data-widget_type=\"text-editor.default\">\n\t\t\t\t<div class=\"elementor-widget-container\">\n\t\t\t\t\t\t\t\t\t<p style=\"text-align: center;\">Geben Sie Ihre Daten an, um Ihren Besuch zu verwalten\n<\/p>\t\t\t\t\t\t\t\t<\/div>\n\t\t\t\t<\/div>\n\t\t\t\t<div class=\"elementor-element elementor-element-8016d37 elementor-widget elementor-widget-text-editor\" data-id=\"8016d37\" data-element_type=\"widget\" data-e-type=\"widget\" data-widget_type=\"text-editor.default\">\n\t\t\t\t<div class=\"elementor-widget-container\">\n\t\t\t\t\t\t\t\t\t<p style=\"text-align: center;\">Dieser Service gilt nur f\u00fcr Wohnungen, die ausdr\u00fccklich mit dem Code &#8222;Zwischen Privatpersonen, keine Kaufprovision&#8220; beworben werden.<\/p>\n\t\t\t\t\t\t\t\t<\/div>\n\t\t\t\t<\/div>\n\t\t\t\t\t<\/div>\n\t\t<\/div>\n\t\t\t\t\t<\/div>\n\t\t<\/section>\n\t\t\t\t<section class=\"elementor-section elementor-top-section elementor-element elementor-element-7e23caa elementor-section-boxed elementor-section-height-default elementor-section-height-default\" data-id=\"7e23caa\" data-element_type=\"section\" data-e-type=\"section\">\n\t\t\t\t\t\t<div class=\"elementor-container elementor-column-gap-default\">\n\t\t\t\t\t<div class=\"elementor-column elementor-col-100 elementor-top-column elementor-element elementor-element-3186c5f\" data-id=\"3186c5f\" data-element_type=\"column\" data-e-type=\"column\">\n\t\t\t<div class=\"elementor-widget-wrap elementor-element-populated\">\n\t\t\t\t\t\t<div class=\"elementor-element elementor-element-2269c40 elementor-widget elementor-widget-tp-contact-form-7\" data-id=\"2269c40\" data-element_type=\"widget\" data-e-type=\"widget\" data-widget_type=\"tp-contact-form-7.default\">\n\t\t\t\t<div class=\"elementor-widget-container\">\n\t\t\t\t\t<div class=\"theplus-contact-form plus-cf7-label  text-center    after \" >\n<div class=\"wpcf7 no-js\" id=\"wpcf7-f693-o1\" lang=\"de-DE\" dir=\"ltr\" data-wpcf7-id=\"693\">\n<div class=\"screen-reader-response\"><p role=\"status\" aria-live=\"polite\" aria-atomic=\"true\"><\/p> <ul><\/ul><\/div>\n<form action=\"\/de\/wp-json\/wp\/v2\/pages\/435#wpcf7-f693-o1\" method=\"post\" class=\"wpcf7-form init\" aria-label=\"Kontaktformular\" novalidate=\"novalidate\" data-status=\"init\">\n<fieldset class=\"hidden-fields-container\"><input type=\"hidden\" name=\"_wpcf7\" value=\"693\" \/><input type=\"hidden\" name=\"_wpcf7_version\" value=\"6.1.5\" \/><input type=\"hidden\" name=\"_wpcf7_locale\" value=\"de_DE\" \/><input type=\"hidden\" name=\"_wpcf7_unit_tag\" value=\"wpcf7-f693-o1\" \/><input type=\"hidden\" name=\"_wpcf7_container_post\" value=\"0\" \/><input type=\"hidden\" name=\"_wpcf7_posted_data_hash\" value=\"\" \/><input type=\"hidden\" name=\"_wpcf7_recaptcha_response\" value=\"\" \/>\n<\/fieldset>\n<div id=\"responsive-form\" class=\"clearfix\">\n\t<div class=\"form-row\">\n\t\t<div class=\"column-half\">\n\t\t\t<p><span class=\"wpcf7-form-control-wrap\" data-name=\"nombre-apellido\"><input size=\"40\" maxlength=\"400\" class=\"wpcf7-form-control wpcf7-text wpcf7-validates-as-required\" autocomplete=\"nombre-apellido\" aria-required=\"true\" aria-invalid=\"false\" placeholder=\"Ihr Name\" value=\"\" type=\"text\" name=\"nombre-apellido\" \/><\/span>\n\t\t\t<\/p>\n\t\t<\/div>\n\t\t<div class=\"column-half\">\n\t\t\t<p><span class=\"wpcf7-form-control-wrap\" data-name=\"email\"><input size=\"40\" maxlength=\"400\" class=\"wpcf7-form-control wpcf7-email wpcf7-validates-as-required wpcf7-text wpcf7-validates-as-email\" autocomplete=\"email\" aria-required=\"true\" aria-invalid=\"false\" placeholder=\"Ihre E-Mail Adresse\" value=\"\" type=\"email\" name=\"email\" \/><\/span>\n\t\t\t<\/p>\n\t\t<\/div>\n\t<\/div>\n\t<div class=\"form-row\">\n\t\t<div class=\"column-half\">\n\t\t\t<p><span class=\"wpcf7-form-control-wrap\" data-name=\"dni\"><input size=\"40\" maxlength=\"400\" class=\"wpcf7-form-control wpcf7-text wpcf7-validates-as-required\" aria-required=\"true\" aria-invalid=\"false\" value=\"introduce dni\" type=\"text\" name=\"dni\" \/><\/span>\n\t\t\t<\/p>\n\t\t<\/div>\n\t\t<div class=\"column-half\">\n\t\t\t<p><span class=\"wpcf7-form-control-wrap\" data-name=\"telefono\"><input size=\"40\" maxlength=\"400\" class=\"wpcf7-form-control wpcf7-text wpcf7-validates-as-required\" autocomplete=\"telefono\" aria-required=\"true\" aria-invalid=\"false\" placeholder=\"Telefon\" value=\"\" type=\"text\" name=\"telefono\" \/><\/span>\n\t\t\t<\/p>\n\t\t<\/div>\n\t<\/div>\n\t<div class=\"form-row\">\n\t\t<div class=\"column-full\">\n\t\t\t<p><span class=\"wpcf7-form-control-wrap\" data-name=\"visita-check\"><span class=\"wpcf7-form-control wpcf7-acceptance\"><span class=\"wpcf7-list-item\"><label><input type=\"checkbox\" name=\"visita-check\" value=\"1\" aria-invalid=\"false\" \/><span class=\"wpcf7-list-item-label\">Ich erkl\u00e4re, dass ich mich durch die Anzeigen von Hogarabitat Servicios Inmobiliarios S.L. \u00fcber die zu besichtigende Immobilie informiert habe und erm\u00e4chtige HogarAbitat, dem Eigent\u00fcmer der Immobilie meinen Namen und meine Telefonnummer zur Kontaktaufnahme mitzuteilen. Da er zun\u00e4chst aufgrund der Fl\u00e4che, des Preises und anderer Bedingungen interessiert ist, bittet er darum, einen Besichtigungstermin zu vereinbaren, wozu er die genaue Adresse, den Tag und die Uhrzeit erfahren m\u00f6chte. dass ich ordnungsgem\u00e4\u00df dar\u00fcber informiert bin, dass ich f\u00fcr den Fall, dass ich die Immobilie durch die Vermittlung von Hogarabitat Servicios Inmobiliarios S.L. erwerbe Ich erkl\u00e4re mich ausdr\u00fccklich damit einverstanden, dass ich f\u00fcr den Fall, dass ich die Immobilie pers\u00f6nlich oder durch eine nat\u00fcrliche oder juristische Person in direktem Zusammenhang mit der Immobilie oder durch die Vermittlung eines anderen Immobilienb\u00fcros erwerbe, verpflichtet bin, Hogarabitat Servicios Inmobiliarios S.L. eine Entsch\u00e4digung in H\u00f6he von 3 % + MwSt. des endg\u00fcltigen Verkaufspreises zu zahlen, mindestens jedoch 3.000 \u20ac + MwSt.<\/span><\/label><\/span><\/span><\/span><br \/>\n<span class=\"wpcf7-form-control-wrap\" data-name=\"datos-check\"><span class=\"wpcf7-form-control wpcf7-acceptance\"><span class=\"wpcf7-list-item\"><label><input type=\"checkbox\" name=\"datos-check\" value=\"1\" aria-invalid=\"false\" \/><span class=\"wpcf7-list-item-label\">Ich akzeptiere die <a href=\"https:\/\/www.hogarabitat.online\/aviso-legal\/\"> rechtlichen Hinweise<\/a> und die <\/a> <a href=\"https:\/\/www.hogarabitat.online\/politica-de-privacidad\/\">Datenschutzbestimmungen<\/a> von HogarAbitat Servicios Inmobiliarios S.L.<\/span><\/label><\/span><\/span><\/span>\n\t\t\t<\/p>\n\t\t<\/div>\n\t<\/div>\n<!--end responsive-form-->\n\t<p><input class=\"wpcf7-form-control wpcf7-submit has-spinner\" type=\"submit\" value=\"Enviar\" \/>\n\t<\/p>\n<\/div><div class=\"wpcf7-response-output\" aria-hidden=\"true\"><\/div>\n<\/form>\n<\/div>\n<\/div>\t\t\t\t<\/div>\n\t\t\t\t<\/div>\n\t\t\t\t\t<\/div>\n\t\t<\/div>\n\t\t\t\t\t<\/div>\n\t\t<\/section>\n\t\t\t\t<\/div>\n\t\t","protected":false},"excerpt":{"rendered":"<p>WIR VERKAUFEN MEHR ALS 1 IMMOBILIEVOR EINEM NOTAR AUF DEN NEUESTEN STAND ZU BRINGEN. Eigenschaften anzeigen Besuch anfordern Geben Sie Ihre Daten an, um Ihren Besuch zu verwalten Dieser Service gilt nur f\u00fcr Wohnungen, die ausdr\u00fccklich mit dem Code &#8222;Zwischen Privatpersonen, keine Kaufprovision&#8220; beworben werden. Manifiesto que he conocido a trav\u00e9s de la publicidad de [&hellip;]<\/p>\n","protected":false},"author":3,"featured_media":379,"parent":0,"menu_order":0,"comment_status":"closed","ping_status":"closed","template":"","meta":{"footnotes":""},"class_list":["post-435","page","type-page","status-publish","has-post-thumbnail","hentry"],"yoast_head":"<!-- This site is optimized with the Yoast SEO plugin v27.4 - https:\/\/yoast.com\/product\/yoast-seo-wordpress\/ -->\n<title>Besuchen Sie - El Blog de HogarAbitat<\/title>\n<meta name=\"robots\" content=\"index, follow, max-snippet:-1, max-image-preview:large, max-video-preview:-1\" \/>\n<link rel=\"canonical\" href=\"https:\/\/www.hogarabitat.online\/de\/besuchen-sie\/\" \/>\n<meta property=\"og:locale\" content=\"de_DE\" \/>\n<meta property=\"og:type\" content=\"article\" \/>\n<meta property=\"og:title\" content=\"Besuchen Sie - El Blog de HogarAbitat\" \/>\n<meta property=\"og:description\" content=\"WIR VERKAUFEN MEHR ALS 1 IMMOBILIEVOR EINEM NOTAR AUF DEN NEUESTEN STAND ZU BRINGEN. Eigenschaften anzeigen Besuch anfordern Geben Sie Ihre Daten an, um Ihren Besuch zu verwalten Dieser Service gilt nur f\u00fcr Wohnungen, die ausdr\u00fccklich mit dem Code &#8222;Zwischen Privatpersonen, keine Kaufprovision&#8220; beworben werden. Manifiesto que he conocido a trav\u00e9s de la publicidad de [&hellip;]\" \/>\n<meta property=\"og:url\" content=\"https:\/\/www.hogarabitat.online\/de\/besuchen-sie\/\" \/>\n<meta property=\"og:site_name\" content=\"El Blog de HogarAbitat\" \/>\n<meta property=\"article:modified_time\" content=\"2023-08-10T12:13:59+00:00\" \/>\n<meta property=\"og:image\" content=\"https:\/\/www.hogarabitat.online\/wp-content\/uploads\/2023\/07\/reviews-bg-scaled.jpg\" \/>\n\t<meta property=\"og:image:width\" content=\"2560\" \/>\n\t<meta property=\"og:image:height\" content=\"1281\" \/>\n\t<meta property=\"og:image:type\" content=\"image\/jpeg\" \/>\n<meta name=\"twitter:card\" content=\"summary_large_image\" \/>\n<meta name=\"twitter:label1\" content=\"Gesch\u00e4tzte Lesezeit\" \/>\n\t<meta name=\"twitter:data1\" content=\"1\u00a0Minute\" \/>\n<script type=\"application\/ld+json\" class=\"yoast-schema-graph\">{\"@context\":\"https:\\\/\\\/schema.org\",\"@graph\":[{\"@type\":\"WebPage\",\"@id\":\"https:\\\/\\\/www.hogarabitat.online\\\/de\\\/besuchen-sie\\\/\",\"url\":\"https:\\\/\\\/www.hogarabitat.online\\\/de\\\/besuchen-sie\\\/\",\"name\":\"Besuchen Sie - El Blog de HogarAbitat\",\"isPartOf\":{\"@id\":\"https:\\\/\\\/www.hogarabitat.online\\\/de\\\/#website\"},\"primaryImageOfPage\":{\"@id\":\"https:\\\/\\\/www.hogarabitat.online\\\/de\\\/besuchen-sie\\\/#primaryimage\"},\"image\":{\"@id\":\"https:\\\/\\\/www.hogarabitat.online\\\/de\\\/besuchen-sie\\\/#primaryimage\"},\"thumbnailUrl\":\"https:\\\/\\\/www.hogarabitat.online\\\/wp-content\\\/uploads\\\/2023\\\/07\\\/reviews-bg-scaled.jpg\",\"datePublished\":\"2023-07-19T09:53:46+00:00\",\"dateModified\":\"2023-08-10T12:13:59+00:00\",\"breadcrumb\":{\"@id\":\"https:\\\/\\\/www.hogarabitat.online\\\/de\\\/besuchen-sie\\\/#breadcrumb\"},\"inLanguage\":\"de\",\"potentialAction\":[{\"@type\":\"ReadAction\",\"target\":[\"https:\\\/\\\/www.hogarabitat.online\\\/de\\\/besuchen-sie\\\/\"]}]},{\"@type\":\"ImageObject\",\"inLanguage\":\"de\",\"@id\":\"https:\\\/\\\/www.hogarabitat.online\\\/de\\\/besuchen-sie\\\/#primaryimage\",\"url\":\"https:\\\/\\\/www.hogarabitat.online\\\/wp-content\\\/uploads\\\/2023\\\/07\\\/reviews-bg-scaled.jpg\",\"contentUrl\":\"https:\\\/\\\/www.hogarabitat.online\\\/wp-content\\\/uploads\\\/2023\\\/07\\\/reviews-bg-scaled.jpg\",\"width\":2560,\"height\":1281},{\"@type\":\"BreadcrumbList\",\"@id\":\"https:\\\/\\\/www.hogarabitat.online\\\/de\\\/besuchen-sie\\\/#breadcrumb\",\"itemListElement\":[{\"@type\":\"ListItem\",\"position\":1,\"name\":\"Portada\",\"item\":\"https:\\\/\\\/www.hogarabitat.online\\\/de\\\/startseiteabitat\\\/\"},{\"@type\":\"ListItem\",\"position\":2,\"name\":\"Besuchen Sie\"}]},{\"@type\":\"WebSite\",\"@id\":\"https:\\\/\\\/www.hogarabitat.online\\\/de\\\/#website\",\"url\":\"https:\\\/\\\/www.hogarabitat.online\\\/de\\\/\",\"name\":\"El Blog de HogarAbitat\",\"description\":\"Noticias y Art\u00edculos de inter\u00e9s en el sector inmobiliario.\",\"publisher\":{\"@id\":\"https:\\\/\\\/www.hogarabitat.online\\\/de\\\/#organization\"},\"potentialAction\":[{\"@type\":\"SearchAction\",\"target\":{\"@type\":\"EntryPoint\",\"urlTemplate\":\"https:\\\/\\\/www.hogarabitat.online\\\/de\\\/?s={search_term_string}\"},\"query-input\":{\"@type\":\"PropertyValueSpecification\",\"valueRequired\":true,\"valueName\":\"search_term_string\"}}],\"inLanguage\":\"de\"},{\"@type\":\"Organization\",\"@id\":\"https:\\\/\\\/www.hogarabitat.online\\\/de\\\/#organization\",\"name\":\"El Blog de HogarAbitat\",\"url\":\"https:\\\/\\\/www.hogarabitat.online\\\/de\\\/\",\"logo\":{\"@type\":\"ImageObject\",\"inLanguage\":\"de\",\"@id\":\"https:\\\/\\\/www.hogarabitat.online\\\/de\\\/#\\\/schema\\\/logo\\\/image\\\/\",\"url\":\"https:\\\/\\\/wonderful-cohen.51-75-200-23.plesk.page\\\/wp-content\\\/uploads\\\/2023\\\/07\\\/logo_hogarabitat.png\",\"contentUrl\":\"https:\\\/\\\/wonderful-cohen.51-75-200-23.plesk.page\\\/wp-content\\\/uploads\\\/2023\\\/07\\\/logo_hogarabitat.png\",\"width\":1754,\"height\":428,\"caption\":\"El Blog de HogarAbitat\"},\"image\":{\"@id\":\"https:\\\/\\\/www.hogarabitat.online\\\/de\\\/#\\\/schema\\\/logo\\\/image\\\/\"}}]}<\/script>\n<!-- \/ Yoast SEO plugin. -->","yoast_head_json":{"title":"Besuchen Sie - El Blog de HogarAbitat","robots":{"index":"index","follow":"follow","max-snippet":"max-snippet:-1","max-image-preview":"max-image-preview:large","max-video-preview":"max-video-preview:-1"},"canonical":"https:\/\/www.hogarabitat.online\/de\/besuchen-sie\/","og_locale":"de_DE","og_type":"article","og_title":"Besuchen Sie - El Blog de HogarAbitat","og_description":"WIR VERKAUFEN MEHR ALS 1 IMMOBILIEVOR EINEM NOTAR AUF DEN NEUESTEN STAND ZU BRINGEN. Eigenschaften anzeigen Besuch anfordern Geben Sie Ihre Daten an, um Ihren Besuch zu verwalten Dieser Service gilt nur f\u00fcr Wohnungen, die ausdr\u00fccklich mit dem Code &#8222;Zwischen Privatpersonen, keine Kaufprovision&#8220; beworben werden. Manifiesto que he conocido a trav\u00e9s de la publicidad de [&hellip;]","og_url":"https:\/\/www.hogarabitat.online\/de\/besuchen-sie\/","og_site_name":"El Blog de HogarAbitat","article_modified_time":"2023-08-10T12:13:59+00:00","og_image":[{"width":2560,"height":1281,"url":"https:\/\/www.hogarabitat.online\/wp-content\/uploads\/2023\/07\/reviews-bg-scaled.jpg","type":"image\/jpeg"}],"twitter_card":"summary_large_image","twitter_misc":{"Gesch\u00e4tzte Lesezeit":"1\u00a0Minute"},"schema":{"@context":"https:\/\/schema.org","@graph":[{"@type":"WebPage","@id":"https:\/\/www.hogarabitat.online\/de\/besuchen-sie\/","url":"https:\/\/www.hogarabitat.online\/de\/besuchen-sie\/","name":"Besuchen Sie - El Blog de HogarAbitat","isPartOf":{"@id":"https:\/\/www.hogarabitat.online\/de\/#website"},"primaryImageOfPage":{"@id":"https:\/\/www.hogarabitat.online\/de\/besuchen-sie\/#primaryimage"},"image":{"@id":"https:\/\/www.hogarabitat.online\/de\/besuchen-sie\/#primaryimage"},"thumbnailUrl":"https:\/\/www.hogarabitat.online\/wp-content\/uploads\/2023\/07\/reviews-bg-scaled.jpg","datePublished":"2023-07-19T09:53:46+00:00","dateModified":"2023-08-10T12:13:59+00:00","breadcrumb":{"@id":"https:\/\/www.hogarabitat.online\/de\/besuchen-sie\/#breadcrumb"},"inLanguage":"de","potentialAction":[{"@type":"ReadAction","target":["https:\/\/www.hogarabitat.online\/de\/besuchen-sie\/"]}]},{"@type":"ImageObject","inLanguage":"de","@id":"https:\/\/www.hogarabitat.online\/de\/besuchen-sie\/#primaryimage","url":"https:\/\/www.hogarabitat.online\/wp-content\/uploads\/2023\/07\/reviews-bg-scaled.jpg","contentUrl":"https:\/\/www.hogarabitat.online\/wp-content\/uploads\/2023\/07\/reviews-bg-scaled.jpg","width":2560,"height":1281},{"@type":"BreadcrumbList","@id":"https:\/\/www.hogarabitat.online\/de\/besuchen-sie\/#breadcrumb","itemListElement":[{"@type":"ListItem","position":1,"name":"Portada","item":"https:\/\/www.hogarabitat.online\/de\/startseiteabitat\/"},{"@type":"ListItem","position":2,"name":"Besuchen Sie"}]},{"@type":"WebSite","@id":"https:\/\/www.hogarabitat.online\/de\/#website","url":"https:\/\/www.hogarabitat.online\/de\/","name":"El Blog de HogarAbitat","description":"Noticias y Art\u00edculos de inter\u00e9s en el sector inmobiliario.","publisher":{"@id":"https:\/\/www.hogarabitat.online\/de\/#organization"},"potentialAction":[{"@type":"SearchAction","target":{"@type":"EntryPoint","urlTemplate":"https:\/\/www.hogarabitat.online\/de\/?s={search_term_string}"},"query-input":{"@type":"PropertyValueSpecification","valueRequired":true,"valueName":"search_term_string"}}],"inLanguage":"de"},{"@type":"Organization","@id":"https:\/\/www.hogarabitat.online\/de\/#organization","name":"El Blog de HogarAbitat","url":"https:\/\/www.hogarabitat.online\/de\/","logo":{"@type":"ImageObject","inLanguage":"de","@id":"https:\/\/www.hogarabitat.online\/de\/#\/schema\/logo\/image\/","url":"https:\/\/wonderful-cohen.51-75-200-23.plesk.page\/wp-content\/uploads\/2023\/07\/logo_hogarabitat.png","contentUrl":"https:\/\/wonderful-cohen.51-75-200-23.plesk.page\/wp-content\/uploads\/2023\/07\/logo_hogarabitat.png","width":1754,"height":428,"caption":"El Blog de HogarAbitat"},"image":{"@id":"https:\/\/www.hogarabitat.online\/de\/#\/schema\/logo\/image\/"}}]}},"_links":{"self":[{"href":"https:\/\/www.hogarabitat.online\/de\/wp-json\/wp\/v2\/pages\/435","targetHints":{"allow":["GET"]}}],"collection":[{"href":"https:\/\/www.hogarabitat.online\/de\/wp-json\/wp\/v2\/pages"}],"about":[{"href":"https:\/\/www.hogarabitat.online\/de\/wp-json\/wp\/v2\/types\/page"}],"author":[{"embeddable":true,"href":"https:\/\/www.hogarabitat.online\/de\/wp-json\/wp\/v2\/users\/3"}],"replies":[{"embeddable":true,"href":"https:\/\/www.hogarabitat.online\/de\/wp-json\/wp\/v2\/comments?post=435"}],"version-history":[{"count":19,"href":"https:\/\/www.hogarabitat.online\/de\/wp-json\/wp\/v2\/pages\/435\/revisions"}],"predecessor-version":[{"id":1489,"href":"https:\/\/www.hogarabitat.online\/de\/wp-json\/wp\/v2\/pages\/435\/revisions\/1489"}],"wp:featuredmedia":[{"embeddable":true,"href":"https:\/\/www.hogarabitat.online\/de\/wp-json\/wp\/v2\/media\/379"}],"wp:attachment":[{"href":"https:\/\/www.hogarabitat.online\/de\/wp-json\/wp\/v2\/media?parent=435"}],"curies":[{"name":"wp","href":"https:\/\/api.w.org\/{rel}","templated":true}]}}