{"id":409,"date":"2023-07-18T01:04:11","date_gmt":"2023-07-17T23:04:11","guid":{"rendered":"https:\/\/wonderful-cohen.51-75-200-23.plesk.page\/politique-en-matiere-de-cookies\/"},"modified":"2023-07-20T09:27:53","modified_gmt":"2023-07-20T07:27:53","slug":"politique-en-matiere-de-cookies","status":"publish","type":"page","link":"https:\/\/www.hogarabitat.online\/fr\/politique-en-matiere-de-cookies\/","title":{"rendered":"Politique en mati\u00e8re de cookies"},"content":{"rendered":"\t\t<div data-elementor-type=\"wp-page\" data-elementor-id=\"409\" class=\"elementor elementor-409 elementor-51\" data-elementor-post-type=\"page\">\n\t\t\t\t\t\t<section class=\"elementor-section elementor-top-section elementor-element elementor-element-5366202 elementor-section-boxed elementor-section-height-default elementor-section-height-default\" data-id=\"5366202\" data-element_type=\"section\" data-e-type=\"section\" data-settings=\"{&quot;background_background&quot;:&quot;classic&quot;}\">\n\t\t\t\t\t\t<div class=\"elementor-container elementor-column-gap-default\">\n\t\t\t\t\t<div class=\"elementor-column elementor-col-100 elementor-top-column elementor-element elementor-element-9055294\" data-id=\"9055294\" data-element_type=\"column\" data-e-type=\"column\">\n\t\t\t<div class=\"elementor-widget-wrap elementor-element-populated\">\n\t\t\t\t\t\t<div class=\"elementor-element elementor-element-d942065 elementor-widget elementor-widget-text-editor\" data-id=\"d942065\" data-element_type=\"widget\" data-e-type=\"widget\" data-widget_type=\"text-editor.default\">\n\t\t\t\t<div class=\"elementor-widget-container\">\n\t\t\t\t\t\t\t\t\t<p>NOUS VENDONS <span style=\"color: #f5204b;\">PLUS D&rsquo;UN BIEN<\/span><br \/>\u00c0 JOUR, DEVANT UN NOTAIRE.<\/p>\n\t\t\t\t\t\t\t\t<\/div>\n\t\t\t\t<\/div>\n\t\t\t\t<div class=\"elementor-element elementor-element-c879959 elementor-widget elementor-widget-button\" data-id=\"c879959\" data-element_type=\"widget\" data-e-type=\"widget\" data-widget_type=\"button.default\">\n\t\t\t\t<div class=\"elementor-widget-container\">\n\t\t\t\t\t\t\t\t\t<div class=\"elementor-button-wrapper\">\n\t\t\t\t\t<a class=\"elementor-button elementor-button-link elementor-size-sm\" href=\"https:\/\/www.hogarabitat.com\/\">\n\t\t\t\t\t\t<span class=\"elementor-button-content-wrapper\">\n\t\t\t\t\t\t\t\t\t<span class=\"elementor-button-text\">Voir les propri\u00e9t\u00e9s<\/span>\n\t\t\t\t\t<\/span>\n\t\t\t\t\t<\/a>\n\t\t\t\t<\/div>\n\t\t\t\t\t\t\t\t<\/div>\n\t\t\t\t<\/div>\n\t\t\t\t\t<\/div>\n\t\t<\/div>\n\t\t\t\t\t<\/div>\n\t\t<\/section>\n\t\t\t\t<section class=\"elementor-section elementor-top-section elementor-element elementor-element-28363fb elementor-section-boxed elementor-section-height-default elementor-section-height-default\" data-id=\"28363fb\" data-element_type=\"section\" data-e-type=\"section\">\n\t\t\t\t\t\t<div class=\"elementor-container elementor-column-gap-default\">\n\t\t\t\t\t<div class=\"elementor-column elementor-col-100 elementor-top-column elementor-element elementor-element-58e8c4e\" data-id=\"58e8c4e\" data-element_type=\"column\" data-e-type=\"column\">\n\t\t\t<div class=\"elementor-widget-wrap elementor-element-populated\">\n\t\t\t\t\t\t<div class=\"elementor-element elementor-element-2ed95a8 elementor-widget elementor-widget-heading\" data-id=\"2ed95a8\" data-element_type=\"widget\" data-e-type=\"widget\" data-widget_type=\"heading.default\">\n\t\t\t\t<div class=\"elementor-widget-container\">\n\t\t\t\t\t<h2 class=\"elementor-heading-title elementor-size-default\">Politique en mati\u00e8re de cookies<\/h2>\t\t\t\t<\/div>\n\t\t\t\t<\/div>\n\t\t\t\t\t<\/div>\n\t\t<\/div>\n\t\t\t\t\t<\/div>\n\t\t<\/section>\n\t\t\t\t<section class=\"elementor-section elementor-top-section elementor-element elementor-element-1f62010 elementor-section-boxed elementor-section-height-default elementor-section-height-default\" data-id=\"1f62010\" data-element_type=\"section\" data-e-type=\"section\">\n\t\t\t\t\t\t<div class=\"elementor-container elementor-column-gap-default\">\n\t\t\t\t\t<div class=\"elementor-column elementor-col-100 elementor-top-column elementor-element elementor-element-c9547db\" data-id=\"c9547db\" data-element_type=\"column\" data-e-type=\"column\">\n\t\t\t<div class=\"elementor-widget-wrap elementor-element-populated\">\n\t\t\t\t\t\t<div class=\"elementor-element elementor-element-5fc19dd elementor-widget elementor-widget-text-editor\" data-id=\"5fc19dd\" data-element_type=\"widget\" data-e-type=\"widget\" data-widget_type=\"text-editor.default\">\n\t\t\t\t<div class=\"elementor-widget-container\">\n\t\t\t\t\t\t\t\t\t<h5>INFORMATIONS SUR LES COOKIES<\/h5>\n<p>En raison de l&rsquo;entr\u00e9e en vigueur de la modification de la \u00ab\u00a0Ley de Servicios de la Sociedad de la Informaci\u00f3n\u00a0\u00bb (LSSICE) \u00e9tablie par le d\u00e9cret royal 13\/2012, il est obligatoire d&rsquo;obtenir le consentement expr\u00e8s de l&rsquo;utilisateur de tous les sites web qui utilisent des cookies dispensables, avant que l&rsquo;utilisateur ne navigue sur ces sites.<\/p>\n<h5>QU&rsquo;EST-CE QU&rsquo;UN BISCUIT ?<\/h5>\n<p>Les cookies et autres technologies similaires telles que les objets locaux partag\u00e9s, les cookies flash ou les pixels sont des outils utilis\u00e9s par les serveurs web pour stocker et r\u00e9cup\u00e9rer des informations sur leurs visiteurs et pour assurer le bon fonctionnement du site. L&rsquo;utilisation de ces dispositifs permet au serveur web de m\u00e9moriser certaines donn\u00e9es concernant l&rsquo;utilisateur, telles que ses pr\u00e9f\u00e9rences en mati\u00e8re de consultation des pages de ce serveur, son nom et son mot de passe, les produits qui l&rsquo;int\u00e9ressent le plus, etc.<\/p>\n<h5>COOKIES CONCERN\u00c9S PAR LE R\u00c8GLEMENT ET COOKIES EXEMPT\u00c9S<\/h5>\n<p>Selon la directive europ\u00e9enne, les cookies qui requi\u00e8rent le consentement \u00e9clair\u00e9 de l&rsquo;utilisateur sont les cookies analytiques et les cookies publicitaires et d&rsquo;affiliation, \u00e0 l&rsquo;exception de ceux de nature technique et de ceux qui sont n\u00e9cessaires au fonctionnement du site web ou \u00e0 la fourniture de services express\u00e9ment demand\u00e9s par l&rsquo;utilisateur.<\/p>\n<h5>QUELS SONT LES TYPES DE COOKIES ?<\/h5>\n<p>Il existe cinq groupes principaux de cookies :<\/p>\n<ul>\n<li><strong>Cookies analytiques : ils<\/strong> collectent des informations sur l&rsquo;utilisation du site web.<\/li>\n<li><strong>Cookies sociaux :<\/strong> il s&rsquo;agit des <strong>cookies<\/strong> n\u00e9cessaires aux r\u00e9seaux sociaux.<\/li>\n<li><strong>Cookies d&rsquo;affiliation : ils<\/strong> permettent de suivre les visites d&rsquo;autres sites web avec lesquels le site web a un contrat d&rsquo;affiliation (soci\u00e9t\u00e9s d&rsquo;affiliation).<\/li>\n<li><strong>Cookies publicitaires et comportementaux : ils<\/strong> recueillent des informations sur les pr\u00e9f\u00e9rences et les choix personnels de l&rsquo;utilisateur (reciblage).<\/li>\n<li><strong>Cookies techniques et fonctionnels :<\/strong> ils sont strictement n\u00e9cessaires \u00e0 l&rsquo;utilisation du site web et \u00e0 la fourniture du service contractuel.<\/li>\n<\/ul>\n<h5>COOKIES UTILIS\u00c9S SUR CE SITE WEB<\/h5>\n<ul>\n<li><strong>PHPSESSID :<\/strong> cookie technique et strictement n\u00e9cessaire contenant l&rsquo;identifiant de la session. Il est supprim\u00e9 lorsque le navigateur est ferm\u00e9.<\/li>\n<li><strong>_lang :<\/strong> cookie technique et strictement n\u00e9cessaire contenant la langue de la session. Il est supprim\u00e9 lorsque le navigateur est ferm\u00e9.<\/li>\n<\/ul>\n\t\t\t\t\t\t\t\t<\/div>\n\t\t\t\t<\/div>\n\t\t\t\t\t<\/div>\n\t\t<\/div>\n\t\t\t\t\t<\/div>\n\t\t<\/section>\n\t\t\t\t<\/div>\n\t\t","protected":false},"excerpt":{"rendered":"<p>NOUS VENDONS PLUS D&rsquo;UN BIEN\u00c0 JOUR, DEVANT UN NOTAIRE. Voir les propri\u00e9t\u00e9s INFORMATIONS SUR LES COOKIES En raison de l&rsquo;entr\u00e9e en vigueur de la modification de la \u00ab\u00a0Ley de Servicios de la Sociedad de la Informaci\u00f3n\u00a0\u00bb (LSSICE) \u00e9tablie par le d\u00e9cret royal 13\/2012, il est obligatoire d&rsquo;obtenir le consentement expr\u00e8s de l&rsquo;utilisateur de tous les [&hellip;]<\/p>\n","protected":false},"author":3,"featured_media":308,"parent":0,"menu_order":0,"comment_status":"closed","ping_status":"closed","template":"","meta":{"footnotes":""},"class_list":["post-409","page","type-page","status-publish","has-post-thumbnail","hentry"],"yoast_head":"<!-- This site is optimized with the Yoast SEO plugin v27.4 - https:\/\/yoast.com\/product\/yoast-seo-wordpress\/ -->\n<title>Politique en mati\u00e8re de cookies - El Blog de HogarAbitat<\/title>\n<meta name=\"robots\" content=\"index, follow, max-snippet:-1, max-image-preview:large, max-video-preview:-1\" \/>\n<link rel=\"canonical\" href=\"https:\/\/www.hogarabitat.online\/fr\/politique-en-matiere-de-cookies\/\" \/>\n<meta property=\"og:locale\" content=\"fr_FR\" \/>\n<meta property=\"og:type\" content=\"article\" \/>\n<meta property=\"og:title\" content=\"Politique en mati\u00e8re de cookies - El Blog de HogarAbitat\" \/>\n<meta property=\"og:description\" content=\"NOUS VENDONS PLUS D&rsquo;UN BIEN\u00c0 JOUR, DEVANT UN NOTAIRE. Voir les propri\u00e9t\u00e9s INFORMATIONS SUR LES COOKIES En raison de l&rsquo;entr\u00e9e en vigueur de la modification de la \u00ab\u00a0Ley de Servicios de la Sociedad de la Informaci\u00f3n\u00a0\u00bb (LSSICE) \u00e9tablie par le d\u00e9cret royal 13\/2012, il est obligatoire d&rsquo;obtenir le consentement expr\u00e8s de l&rsquo;utilisateur de tous les [&hellip;]\" \/>\n<meta property=\"og:url\" content=\"https:\/\/www.hogarabitat.online\/fr\/politique-en-matiere-de-cookies\/\" \/>\n<meta property=\"og:site_name\" content=\"El Blog de HogarAbitat\" \/>\n<meta property=\"article:modified_time\" content=\"2023-07-20T07:27:53+00:00\" \/>\n<meta property=\"og:image\" content=\"https:\/\/www.hogarabitat.online\/wp-content\/uploads\/2023\/07\/logo_hogarabitat.png\" \/>\n\t<meta property=\"og:image:width\" content=\"1754\" \/>\n\t<meta property=\"og:image:height\" content=\"428\" \/>\n\t<meta property=\"og:image:type\" content=\"image\/png\" \/>\n<meta name=\"twitter:card\" content=\"summary_large_image\" \/>\n<meta name=\"twitter:label1\" content=\"Dur\u00e9e de lecture estim\u00e9e\" \/>\n\t<meta name=\"twitter:data1\" content=\"2 minutes\" \/>\n<script type=\"application\/ld+json\" class=\"yoast-schema-graph\">{\"@context\":\"https:\\\/\\\/schema.org\",\"@graph\":[{\"@type\":\"WebPage\",\"@id\":\"https:\\\/\\\/www.hogarabitat.online\\\/fr\\\/politique-en-matiere-de-cookies\\\/\",\"url\":\"https:\\\/\\\/www.hogarabitat.online\\\/fr\\\/politique-en-matiere-de-cookies\\\/\",\"name\":\"Politique en mati\u00e8re de cookies - El Blog de HogarAbitat\",\"isPartOf\":{\"@id\":\"https:\\\/\\\/www.hogarabitat.online\\\/fr\\\/#website\"},\"primaryImageOfPage\":{\"@id\":\"https:\\\/\\\/www.hogarabitat.online\\\/fr\\\/politique-en-matiere-de-cookies\\\/#primaryimage\"},\"image\":{\"@id\":\"https:\\\/\\\/www.hogarabitat.online\\\/fr\\\/politique-en-matiere-de-cookies\\\/#primaryimage\"},\"thumbnailUrl\":\"https:\\\/\\\/www.hogarabitat.online\\\/wp-content\\\/uploads\\\/2023\\\/07\\\/logo_hogarabitat.png\",\"datePublished\":\"2023-07-17T23:04:11+00:00\",\"dateModified\":\"2023-07-20T07:27:53+00:00\",\"breadcrumb\":{\"@id\":\"https:\\\/\\\/www.hogarabitat.online\\\/fr\\\/politique-en-matiere-de-cookies\\\/#breadcrumb\"},\"inLanguage\":\"fr-FR\",\"potentialAction\":[{\"@type\":\"ReadAction\",\"target\":[\"https:\\\/\\\/www.hogarabitat.online\\\/fr\\\/politique-en-matiere-de-cookies\\\/\"]}]},{\"@type\":\"ImageObject\",\"inLanguage\":\"fr-FR\",\"@id\":\"https:\\\/\\\/www.hogarabitat.online\\\/fr\\\/politique-en-matiere-de-cookies\\\/#primaryimage\",\"url\":\"https:\\\/\\\/www.hogarabitat.online\\\/wp-content\\\/uploads\\\/2023\\\/07\\\/logo_hogarabitat.png\",\"contentUrl\":\"https:\\\/\\\/www.hogarabitat.online\\\/wp-content\\\/uploads\\\/2023\\\/07\\\/logo_hogarabitat.png\",\"width\":1754,\"height\":428},{\"@type\":\"BreadcrumbList\",\"@id\":\"https:\\\/\\\/www.hogarabitat.online\\\/fr\\\/politique-en-matiere-de-cookies\\\/#breadcrumb\",\"itemListElement\":[{\"@type\":\"ListItem\",\"position\":1,\"name\":\"Portada\",\"item\":\"https:\\\/\\\/www.hogarabitat.online\\\/fr\\\/accueilabitat\\\/\"},{\"@type\":\"ListItem\",\"position\":2,\"name\":\"Politique en mati\u00e8re de cookies\"}]},{\"@type\":\"WebSite\",\"@id\":\"https:\\\/\\\/www.hogarabitat.online\\\/fr\\\/#website\",\"url\":\"https:\\\/\\\/www.hogarabitat.online\\\/fr\\\/\",\"name\":\"El Blog de HogarAbitat\",\"description\":\"Noticias y Art\u00edculos de inter\u00e9s en el sector inmobiliario.\",\"publisher\":{\"@id\":\"https:\\\/\\\/www.hogarabitat.online\\\/fr\\\/#organization\"},\"potentialAction\":[{\"@type\":\"SearchAction\",\"target\":{\"@type\":\"EntryPoint\",\"urlTemplate\":\"https:\\\/\\\/www.hogarabitat.online\\\/fr\\\/?s={search_term_string}\"},\"query-input\":{\"@type\":\"PropertyValueSpecification\",\"valueRequired\":true,\"valueName\":\"search_term_string\"}}],\"inLanguage\":\"fr-FR\"},{\"@type\":\"Organization\",\"@id\":\"https:\\\/\\\/www.hogarabitat.online\\\/fr\\\/#organization\",\"name\":\"El Blog de HogarAbitat\",\"url\":\"https:\\\/\\\/www.hogarabitat.online\\\/fr\\\/\",\"logo\":{\"@type\":\"ImageObject\",\"inLanguage\":\"fr-FR\",\"@id\":\"https:\\\/\\\/www.hogarabitat.online\\\/fr\\\/#\\\/schema\\\/logo\\\/image\\\/\",\"url\":\"https:\\\/\\\/wonderful-cohen.51-75-200-23.plesk.page\\\/wp-content\\\/uploads\\\/2023\\\/07\\\/logo_hogarabitat.png\",\"contentUrl\":\"https:\\\/\\\/wonderful-cohen.51-75-200-23.plesk.page\\\/wp-content\\\/uploads\\\/2023\\\/07\\\/logo_hogarabitat.png\",\"width\":1754,\"height\":428,\"caption\":\"El Blog de HogarAbitat\"},\"image\":{\"@id\":\"https:\\\/\\\/www.hogarabitat.online\\\/fr\\\/#\\\/schema\\\/logo\\\/image\\\/\"}}]}<\/script>\n<!-- \/ Yoast SEO plugin. -->","yoast_head_json":{"title":"Politique en mati\u00e8re de cookies - El Blog de HogarAbitat","robots":{"index":"index","follow":"follow","max-snippet":"max-snippet:-1","max-image-preview":"max-image-preview:large","max-video-preview":"max-video-preview:-1"},"canonical":"https:\/\/www.hogarabitat.online\/fr\/politique-en-matiere-de-cookies\/","og_locale":"fr_FR","og_type":"article","og_title":"Politique en mati\u00e8re de cookies - El Blog de HogarAbitat","og_description":"NOUS VENDONS PLUS D&rsquo;UN BIEN\u00c0 JOUR, DEVANT UN NOTAIRE. Voir les propri\u00e9t\u00e9s INFORMATIONS SUR LES COOKIES En raison de l&rsquo;entr\u00e9e en vigueur de la modification de la \u00ab\u00a0Ley de Servicios de la Sociedad de la Informaci\u00f3n\u00a0\u00bb (LSSICE) \u00e9tablie par le d\u00e9cret royal 13\/2012, il est obligatoire d&rsquo;obtenir le consentement expr\u00e8s de l&rsquo;utilisateur de tous les [&hellip;]","og_url":"https:\/\/www.hogarabitat.online\/fr\/politique-en-matiere-de-cookies\/","og_site_name":"El Blog de HogarAbitat","article_modified_time":"2023-07-20T07:27:53+00:00","og_image":[{"width":1754,"height":428,"url":"https:\/\/www.hogarabitat.online\/wp-content\/uploads\/2023\/07\/logo_hogarabitat.png","type":"image\/png"}],"twitter_card":"summary_large_image","twitter_misc":{"Dur\u00e9e de lecture estim\u00e9e":"2 minutes"},"schema":{"@context":"https:\/\/schema.org","@graph":[{"@type":"WebPage","@id":"https:\/\/www.hogarabitat.online\/fr\/politique-en-matiere-de-cookies\/","url":"https:\/\/www.hogarabitat.online\/fr\/politique-en-matiere-de-cookies\/","name":"Politique en mati\u00e8re de cookies - El Blog de HogarAbitat","isPartOf":{"@id":"https:\/\/www.hogarabitat.online\/fr\/#website"},"primaryImageOfPage":{"@id":"https:\/\/www.hogarabitat.online\/fr\/politique-en-matiere-de-cookies\/#primaryimage"},"image":{"@id":"https:\/\/www.hogarabitat.online\/fr\/politique-en-matiere-de-cookies\/#primaryimage"},"thumbnailUrl":"https:\/\/www.hogarabitat.online\/wp-content\/uploads\/2023\/07\/logo_hogarabitat.png","datePublished":"2023-07-17T23:04:11+00:00","dateModified":"2023-07-20T07:27:53+00:00","breadcrumb":{"@id":"https:\/\/www.hogarabitat.online\/fr\/politique-en-matiere-de-cookies\/#breadcrumb"},"inLanguage":"fr-FR","potentialAction":[{"@type":"ReadAction","target":["https:\/\/www.hogarabitat.online\/fr\/politique-en-matiere-de-cookies\/"]}]},{"@type":"ImageObject","inLanguage":"fr-FR","@id":"https:\/\/www.hogarabitat.online\/fr\/politique-en-matiere-de-cookies\/#primaryimage","url":"https:\/\/www.hogarabitat.online\/wp-content\/uploads\/2023\/07\/logo_hogarabitat.png","contentUrl":"https:\/\/www.hogarabitat.online\/wp-content\/uploads\/2023\/07\/logo_hogarabitat.png","width":1754,"height":428},{"@type":"BreadcrumbList","@id":"https:\/\/www.hogarabitat.online\/fr\/politique-en-matiere-de-cookies\/#breadcrumb","itemListElement":[{"@type":"ListItem","position":1,"name":"Portada","item":"https:\/\/www.hogarabitat.online\/fr\/accueilabitat\/"},{"@type":"ListItem","position":2,"name":"Politique en mati\u00e8re de cookies"}]},{"@type":"WebSite","@id":"https:\/\/www.hogarabitat.online\/fr\/#website","url":"https:\/\/www.hogarabitat.online\/fr\/","name":"El Blog de HogarAbitat","description":"Noticias y Art\u00edculos de inter\u00e9s en el sector inmobiliario.","publisher":{"@id":"https:\/\/www.hogarabitat.online\/fr\/#organization"},"potentialAction":[{"@type":"SearchAction","target":{"@type":"EntryPoint","urlTemplate":"https:\/\/www.hogarabitat.online\/fr\/?s={search_term_string}"},"query-input":{"@type":"PropertyValueSpecification","valueRequired":true,"valueName":"search_term_string"}}],"inLanguage":"fr-FR"},{"@type":"Organization","@id":"https:\/\/www.hogarabitat.online\/fr\/#organization","name":"El Blog de HogarAbitat","url":"https:\/\/www.hogarabitat.online\/fr\/","logo":{"@type":"ImageObject","inLanguage":"fr-FR","@id":"https:\/\/www.hogarabitat.online\/fr\/#\/schema\/logo\/image\/","url":"https:\/\/wonderful-cohen.51-75-200-23.plesk.page\/wp-content\/uploads\/2023\/07\/logo_hogarabitat.png","contentUrl":"https:\/\/wonderful-cohen.51-75-200-23.plesk.page\/wp-content\/uploads\/2023\/07\/logo_hogarabitat.png","width":1754,"height":428,"caption":"El Blog de HogarAbitat"},"image":{"@id":"https:\/\/www.hogarabitat.online\/fr\/#\/schema\/logo\/image\/"}}]}},"_links":{"self":[{"href":"https:\/\/www.hogarabitat.online\/fr\/wp-json\/wp\/v2\/pages\/409","targetHints":{"allow":["GET"]}}],"collection":[{"href":"https:\/\/www.hogarabitat.online\/fr\/wp-json\/wp\/v2\/pages"}],"about":[{"href":"https:\/\/www.hogarabitat.online\/fr\/wp-json\/wp\/v2\/types\/page"}],"author":[{"embeddable":true,"href":"https:\/\/www.hogarabitat.online\/fr\/wp-json\/wp\/v2\/users\/3"}],"replies":[{"embeddable":true,"href":"https:\/\/www.hogarabitat.online\/fr\/wp-json\/wp\/v2\/comments?post=409"}],"version-history":[{"count":1,"href":"https:\/\/www.hogarabitat.online\/fr\/wp-json\/wp\/v2\/pages\/409\/revisions"}],"predecessor-version":[{"id":413,"href":"https:\/\/www.hogarabitat.online\/fr\/wp-json\/wp\/v2\/pages\/409\/revisions\/413"}],"wp:featuredmedia":[{"embeddable":true,"href":"https:\/\/www.hogarabitat.online\/fr\/wp-json\/wp\/v2\/media\/308"}],"wp:attachment":[{"href":"https:\/\/www.hogarabitat.online\/fr\/wp-json\/wp\/v2\/media?parent=409"}],"curies":[{"name":"wp","href":"https:\/\/api.w.org\/{rel}","templated":true}]}}