{"id":439,"date":"2023-07-19T11:53:46","date_gmt":"2023-07-19T09:53:46","guid":{"rendered":"https:\/\/wonderful-cohen.51-75-200-23.plesk.page\/visiter\/"},"modified":"2023-08-10T14:14:00","modified_gmt":"2023-08-10T12:14:00","slug":"visiter","status":"publish","type":"page","link":"https:\/\/www.hogarabitat.online\/fr\/visiter\/","title":{"rendered":"Visiter"},"content":{"rendered":"\t\t<div data-elementor-type=\"wp-page\" data-elementor-id=\"439\" class=\"elementor elementor-439 elementor-253\" data-elementor-post-type=\"page\">\n\t\t\t\t\t\t<section class=\"elementor-section elementor-top-section elementor-element elementor-element-679d55a elementor-section-boxed elementor-section-height-default elementor-section-height-default\" data-id=\"679d55a\" data-element_type=\"section\" data-e-type=\"section\" data-settings=\"{&quot;background_background&quot;:&quot;classic&quot;}\">\n\t\t\t\t\t\t<div class=\"elementor-container elementor-column-gap-default\">\n\t\t\t\t\t<div class=\"elementor-column elementor-col-100 elementor-top-column elementor-element elementor-element-4860ab5\" data-id=\"4860ab5\" data-element_type=\"column\" data-e-type=\"column\">\n\t\t\t<div class=\"elementor-widget-wrap elementor-element-populated\">\n\t\t\t\t\t\t<div class=\"elementor-element elementor-element-0f955a4 elementor-widget elementor-widget-text-editor\" data-id=\"0f955a4\" data-element_type=\"widget\" data-e-type=\"widget\" data-widget_type=\"text-editor.default\">\n\t\t\t\t<div class=\"elementor-widget-container\">\n\t\t\t\t\t\t\t\t\t<p>NOUS VENDONS <span style=\"color: #f5204b;\">PLUS D&rsquo;UN BIEN<\/span><br \/>\u00c0 JOUR, DEVANT UN NOTAIRE.<\/p>\n\t\t\t\t\t\t\t\t<\/div>\n\t\t\t\t<\/div>\n\t\t\t\t<div class=\"elementor-element elementor-element-19c904b elementor-widget elementor-widget-button\" data-id=\"19c904b\" data-element_type=\"widget\" data-e-type=\"widget\" data-widget_type=\"button.default\">\n\t\t\t\t<div class=\"elementor-widget-container\">\n\t\t\t\t\t\t\t\t\t<div class=\"elementor-button-wrapper\">\n\t\t\t\t\t<a class=\"elementor-button elementor-button-link elementor-size-sm\" href=\"https:\/\/www.hogarabitat.com\/\">\n\t\t\t\t\t\t<span class=\"elementor-button-content-wrapper\">\n\t\t\t\t\t\t\t\t\t<span class=\"elementor-button-text\">Voir les propri\u00e9t\u00e9s<\/span>\n\t\t\t\t\t<\/span>\n\t\t\t\t\t<\/a>\n\t\t\t\t<\/div>\n\t\t\t\t\t\t\t\t<\/div>\n\t\t\t\t<\/div>\n\t\t\t\t\t<\/div>\n\t\t<\/div>\n\t\t\t\t\t<\/div>\n\t\t<\/section>\n\t\t\t\t<section class=\"elementor-section elementor-top-section elementor-element elementor-element-b52116e elementor-section-boxed elementor-section-height-default elementor-section-height-default\" data-id=\"b52116e\" data-element_type=\"section\" data-e-type=\"section\">\n\t\t\t\t\t\t<div class=\"elementor-container elementor-column-gap-default\">\n\t\t\t\t\t<div class=\"elementor-column elementor-col-100 elementor-top-column elementor-element elementor-element-56962f9\" data-id=\"56962f9\" data-element_type=\"column\" data-e-type=\"column\">\n\t\t\t<div class=\"elementor-widget-wrap elementor-element-populated\">\n\t\t\t\t\t\t<div class=\"elementor-element elementor-element-e1ea97f elementor-widget elementor-widget-text-editor\" data-id=\"e1ea97f\" data-element_type=\"widget\" data-e-type=\"widget\" data-widget_type=\"text-editor.default\">\n\t\t\t\t<div class=\"elementor-widget-container\">\n\t\t\t\t\t\t\t\t\t<h2 style=\"text-align: center;\">Demande de <span style=\"color: #ff0b43;\">visite<\/span><\/h2>\n\t\t\t\t\t\t\t\t<\/div>\n\t\t\t\t<\/div>\n\t\t\t\t<div class=\"elementor-element elementor-element-91662fb elementor-widget elementor-widget-text-editor\" data-id=\"91662fb\" data-element_type=\"widget\" data-e-type=\"widget\" data-widget_type=\"text-editor.default\">\n\t\t\t\t<div class=\"elementor-widget-container\">\n\t\t\t\t\t\t\t\t\t<p style=\"text-align: center;\">Fournir vos coordonn\u00e9es pour g\u00e9rer votre visite\n<\/p>\t\t\t\t\t\t\t\t<\/div>\n\t\t\t\t<\/div>\n\t\t\t\t<div class=\"elementor-element elementor-element-8016d37 elementor-widget elementor-widget-text-editor\" data-id=\"8016d37\" data-element_type=\"widget\" data-e-type=\"widget\" data-widget_type=\"text-editor.default\">\n\t\t\t\t<div class=\"elementor-widget-container\">\n\t\t\t\t\t\t\t\t\t<p style=\"text-align: center;\">Ce service ne s&rsquo;applique qu&rsquo;aux biens express\u00e9ment annonc\u00e9s avec le code \u00ab\u00a0Entre particuliers, sans commission d&rsquo;achat\u00a0\u00bb.<\/p>\n\t\t\t\t\t\t\t\t<\/div>\n\t\t\t\t<\/div>\n\t\t\t\t\t<\/div>\n\t\t<\/div>\n\t\t\t\t\t<\/div>\n\t\t<\/section>\n\t\t\t\t<section class=\"elementor-section elementor-top-section elementor-element elementor-element-7e23caa elementor-section-boxed elementor-section-height-default elementor-section-height-default\" data-id=\"7e23caa\" data-element_type=\"section\" data-e-type=\"section\">\n\t\t\t\t\t\t<div class=\"elementor-container elementor-column-gap-default\">\n\t\t\t\t\t<div class=\"elementor-column elementor-col-100 elementor-top-column elementor-element elementor-element-3186c5f\" data-id=\"3186c5f\" data-element_type=\"column\" data-e-type=\"column\">\n\t\t\t<div class=\"elementor-widget-wrap elementor-element-populated\">\n\t\t\t\t\t\t<div class=\"elementor-element elementor-element-2269c40 elementor-widget elementor-widget-tp-contact-form-7\" data-id=\"2269c40\" data-element_type=\"widget\" data-e-type=\"widget\" data-widget_type=\"tp-contact-form-7.default\">\n\t\t\t\t<div class=\"elementor-widget-container\">\n\t\t\t\t\t<div class=\"theplus-contact-form plus-cf7-label  text-center    after \" >\n<div class=\"wpcf7 no-js\" id=\"wpcf7-f695-o1\" lang=\"fr-FR\" dir=\"ltr\" data-wpcf7-id=\"695\">\n<div class=\"screen-reader-response\"><p role=\"status\" aria-live=\"polite\" aria-atomic=\"true\"><\/p> <ul><\/ul><\/div>\n<form action=\"\/fr\/wp-json\/wp\/v2\/pages\/439#wpcf7-f695-o1\" method=\"post\" class=\"wpcf7-form init\" aria-label=\"Formulaire de contact\" novalidate=\"novalidate\" data-status=\"init\">\n<fieldset class=\"hidden-fields-container\"><input type=\"hidden\" name=\"_wpcf7\" value=\"695\" \/><input type=\"hidden\" name=\"_wpcf7_version\" value=\"6.1.5\" \/><input type=\"hidden\" name=\"_wpcf7_locale\" value=\"fr_FR\" \/><input type=\"hidden\" name=\"_wpcf7_unit_tag\" value=\"wpcf7-f695-o1\" \/><input type=\"hidden\" name=\"_wpcf7_container_post\" value=\"0\" \/><input type=\"hidden\" name=\"_wpcf7_posted_data_hash\" value=\"\" \/><input type=\"hidden\" name=\"_wpcf7_recaptcha_response\" value=\"\" \/>\n<\/fieldset>\n<div id=\"responsive-form\" class=\"clearfix\">\n\t<div class=\"form-row\">\n\t\t<div class=\"column-half\">\n\t\t\t<p><span class=\"wpcf7-form-control-wrap\" data-name=\"nombre-apellido\"><input size=\"40\" maxlength=\"400\" class=\"wpcf7-form-control wpcf7-text wpcf7-validates-as-required\" autocomplete=\"nombre-apellido\" aria-required=\"true\" aria-invalid=\"false\" placeholder=\"Votre nom\" value=\"\" type=\"text\" name=\"nombre-apellido\" \/><\/span>\n\t\t\t<\/p>\n\t\t<\/div>\n\t\t<div class=\"column-half\">\n\t\t\t<p><span class=\"wpcf7-form-control-wrap\" data-name=\"email\"><input size=\"40\" maxlength=\"400\" class=\"wpcf7-form-control wpcf7-email wpcf7-validates-as-required wpcf7-text wpcf7-validates-as-email\" autocomplete=\"email\" aria-required=\"true\" aria-invalid=\"false\" placeholder=\"Votre adresse \u00e9lectronique\" value=\"\" type=\"email\" name=\"email\" \/><\/span>\n\t\t\t<\/p>\n\t\t<\/div>\n\t<\/div>\n\t<div class=\"form-row\">\n\t\t<div class=\"column-half\">\n\t\t\t<p><span class=\"wpcf7-form-control-wrap\" data-name=\"dni\"><input size=\"40\" maxlength=\"400\" class=\"wpcf7-form-control wpcf7-text wpcf7-validates-as-required\" aria-required=\"true\" aria-invalid=\"false\" value=\"introduce dni\" type=\"text\" name=\"dni\" \/><\/span>\n\t\t\t<\/p>\n\t\t<\/div>\n\t\t<div class=\"column-half\">\n\t\t\t<p><span class=\"wpcf7-form-control-wrap\" data-name=\"telefono\"><input size=\"40\" maxlength=\"400\" class=\"wpcf7-form-control wpcf7-text wpcf7-validates-as-required\" autocomplete=\"telefono\" aria-required=\"true\" aria-invalid=\"false\" placeholder=\"T\u00e9l\u00e9phone\" value=\"\" type=\"text\" name=\"telefono\" \/><\/span>\n\t\t\t<\/p>\n\t\t<\/div>\n\t<\/div>\n\t<div class=\"form-row\">\n\t\t<div class=\"column-full\">\n\t\t\t<p><span class=\"wpcf7-form-control-wrap\" data-name=\"visita-check\"><span class=\"wpcf7-form-control wpcf7-acceptance\"><span class=\"wpcf7-list-item\"><label><input type=\"checkbox\" name=\"visita-check\" value=\"1\" aria-invalid=\"false\" \/><span class=\"wpcf7-list-item-label\">Je d\u00e9clare avoir pris connaissance du bien \u00e0 visiter par le biais des annonces de Hogarabitat Servicios Inmobiliarios S.L., autorisant HogarAbitat \u00e0 communiquer au propri\u00e9taire du bien mon nom et mon num\u00e9ro de t\u00e9l\u00e9phone pour qu'il puisse me contacter. Int\u00e9ress\u00e9 dans un premier temps par la surface, le prix et d'autres conditions, il demande \u00e0 ce qu'une VISITE soit organis\u00e9e et souhaite \u00eatre inform\u00e9 de l'adresse, du jour et de l'heure exacts. Que je suis d\u00fbment inform\u00e9 que, dans le cas o\u00f9 j'acquiers le bien par l'interm\u00e9diaire de Hogarabitat Servicios Inmobiliarios S.L., je n'aurai pas \u00e0 payer d'honoraires d'interm\u00e9diation, qui seront exclusivement pay\u00e9s par la partie vendeuse. je n'aurai pas \u00e0 payer de frais d'interm\u00e9diation, qui seront exclusivement pay\u00e9s par la partie vendeuse et j'accepte express\u00e9ment que, dans le cas o\u00f9 j'acquiers finalement le bien personnellement ou qu'il soit acquis par une personne physique ou morale directement li\u00e9e, mais par n\u00e9gociation directe avec le bien ou par l'interm\u00e9diaire d'une autre agence immobili\u00e8re, je serai oblig\u00e9 de payer \u00e0 Hogarabitat Servicios Inmobiliarios S.L. une indemnit\u00e9 de 3% + TVA du prix de vente final, avec un minimum de 3.000 \u20ac + TVA.<\/span><\/label><\/span><\/span><\/span><br \/>\n<span class=\"wpcf7-form-control-wrap\" data-name=\"datos-check\"><span class=\"wpcf7-form-control wpcf7-acceptance\"><span class=\"wpcf7-list-item\"><label><input type=\"checkbox\" name=\"datos-check\" value=\"1\" aria-invalid=\"false\" \/><span class=\"wpcf7-list-item-label\">J'accepte l'<a href=\"https:\/\/www.hogarabitat.online\/aviso-legal\/\"> avis juridique<\/a> et les <a href=\"https:\/\/www.hogarabitat.online\/politica-de-privacidad\/\">politiques de confidentialit\u00e9<\/a> de <\/a> de HogarAbitat Servicios Inmobiliarios S.L.<\/span><\/label><\/span><\/span><\/span>\n\t\t\t<\/p>\n\t\t<\/div>\n\t<\/div>\n<!--end responsive-form-->\n\t<p><input class=\"wpcf7-form-control wpcf7-submit has-spinner\" type=\"submit\" value=\"Enviar\" \/>\n\t<\/p>\n<\/div><div class=\"wpcf7-response-output\" aria-hidden=\"true\"><\/div>\n<\/form>\n<\/div>\n<\/div>\t\t\t\t<\/div>\n\t\t\t\t<\/div>\n\t\t\t\t\t<\/div>\n\t\t<\/div>\n\t\t\t\t\t<\/div>\n\t\t<\/section>\n\t\t\t\t<\/div>\n\t\t","protected":false},"excerpt":{"rendered":"<p>NOUS VENDONS PLUS D&rsquo;UN BIEN\u00c0 JOUR, DEVANT UN NOTAIRE. Voir les propri\u00e9t\u00e9s Demande de visite Fournir vos coordonn\u00e9es pour g\u00e9rer votre visite Ce service ne s&rsquo;applique qu&rsquo;aux biens express\u00e9ment annonc\u00e9s avec le code \u00ab\u00a0Entre particuliers, sans commission d&rsquo;achat\u00a0\u00bb. Manifiesto que he conocido a trav\u00e9s de la publicidad de Hogarabitat Servicios Inmobiliarios S.L. el inmueble a [&hellip;]<\/p>\n","protected":false},"author":3,"featured_media":378,"parent":0,"menu_order":0,"comment_status":"closed","ping_status":"closed","template":"","meta":{"footnotes":""},"class_list":["post-439","page","type-page","status-publish","has-post-thumbnail","hentry"],"yoast_head":"<!-- This site is optimized with the Yoast SEO plugin v27.4 - https:\/\/yoast.com\/product\/yoast-seo-wordpress\/ -->\n<title>Visiter - El Blog de HogarAbitat<\/title>\n<meta name=\"robots\" content=\"index, follow, max-snippet:-1, max-image-preview:large, max-video-preview:-1\" \/>\n<link rel=\"canonical\" href=\"https:\/\/www.hogarabitat.online\/fr\/visiter\/\" \/>\n<meta property=\"og:locale\" content=\"fr_FR\" \/>\n<meta property=\"og:type\" content=\"article\" \/>\n<meta property=\"og:title\" content=\"Visiter - El Blog de HogarAbitat\" \/>\n<meta property=\"og:description\" content=\"NOUS VENDONS PLUS D&rsquo;UN BIEN\u00c0 JOUR, DEVANT UN NOTAIRE. Voir les propri\u00e9t\u00e9s Demande de visite Fournir vos coordonn\u00e9es pour g\u00e9rer votre visite Ce service ne s&rsquo;applique qu&rsquo;aux biens express\u00e9ment annonc\u00e9s avec le code \u00ab\u00a0Entre particuliers, sans commission d&rsquo;achat\u00a0\u00bb. Manifiesto que he conocido a trav\u00e9s de la publicidad de Hogarabitat Servicios Inmobiliarios S.L. el inmueble a [&hellip;]\" \/>\n<meta property=\"og:url\" content=\"https:\/\/www.hogarabitat.online\/fr\/visiter\/\" \/>\n<meta property=\"og:site_name\" content=\"El Blog de HogarAbitat\" \/>\n<meta property=\"article:modified_time\" content=\"2023-08-10T12:14:00+00:00\" \/>\n<meta property=\"og:image\" content=\"https:\/\/www.hogarabitat.online\/wp-content\/uploads\/2023\/07\/reviews-bg-scaled.jpg\" \/>\n\t<meta property=\"og:image:width\" content=\"2560\" \/>\n\t<meta property=\"og:image:height\" content=\"1281\" \/>\n\t<meta property=\"og:image:type\" content=\"image\/jpeg\" \/>\n<meta name=\"twitter:card\" content=\"summary_large_image\" \/>\n<meta name=\"twitter:label1\" content=\"Dur\u00e9e de lecture estim\u00e9e\" \/>\n\t<meta name=\"twitter:data1\" content=\"1 minute\" \/>\n<script type=\"application\/ld+json\" class=\"yoast-schema-graph\">{\"@context\":\"https:\\\/\\\/schema.org\",\"@graph\":[{\"@type\":\"WebPage\",\"@id\":\"https:\\\/\\\/www.hogarabitat.online\\\/fr\\\/visiter\\\/\",\"url\":\"https:\\\/\\\/www.hogarabitat.online\\\/fr\\\/visiter\\\/\",\"name\":\"Visiter - El Blog de HogarAbitat\",\"isPartOf\":{\"@id\":\"https:\\\/\\\/www.hogarabitat.online\\\/fr\\\/#website\"},\"primaryImageOfPage\":{\"@id\":\"https:\\\/\\\/www.hogarabitat.online\\\/fr\\\/visiter\\\/#primaryimage\"},\"image\":{\"@id\":\"https:\\\/\\\/www.hogarabitat.online\\\/fr\\\/visiter\\\/#primaryimage\"},\"thumbnailUrl\":\"https:\\\/\\\/www.hogarabitat.online\\\/wp-content\\\/uploads\\\/2023\\\/07\\\/reviews-bg-scaled.jpg\",\"datePublished\":\"2023-07-19T09:53:46+00:00\",\"dateModified\":\"2023-08-10T12:14:00+00:00\",\"breadcrumb\":{\"@id\":\"https:\\\/\\\/www.hogarabitat.online\\\/fr\\\/visiter\\\/#breadcrumb\"},\"inLanguage\":\"fr-FR\",\"potentialAction\":[{\"@type\":\"ReadAction\",\"target\":[\"https:\\\/\\\/www.hogarabitat.online\\\/fr\\\/visiter\\\/\"]}]},{\"@type\":\"ImageObject\",\"inLanguage\":\"fr-FR\",\"@id\":\"https:\\\/\\\/www.hogarabitat.online\\\/fr\\\/visiter\\\/#primaryimage\",\"url\":\"https:\\\/\\\/www.hogarabitat.online\\\/wp-content\\\/uploads\\\/2023\\\/07\\\/reviews-bg-scaled.jpg\",\"contentUrl\":\"https:\\\/\\\/www.hogarabitat.online\\\/wp-content\\\/uploads\\\/2023\\\/07\\\/reviews-bg-scaled.jpg\",\"width\":2560,\"height\":1281},{\"@type\":\"BreadcrumbList\",\"@id\":\"https:\\\/\\\/www.hogarabitat.online\\\/fr\\\/visiter\\\/#breadcrumb\",\"itemListElement\":[{\"@type\":\"ListItem\",\"position\":1,\"name\":\"Portada\",\"item\":\"https:\\\/\\\/www.hogarabitat.online\\\/fr\\\/accueilabitat\\\/\"},{\"@type\":\"ListItem\",\"position\":2,\"name\":\"Visiter\"}]},{\"@type\":\"WebSite\",\"@id\":\"https:\\\/\\\/www.hogarabitat.online\\\/fr\\\/#website\",\"url\":\"https:\\\/\\\/www.hogarabitat.online\\\/fr\\\/\",\"name\":\"El Blog de HogarAbitat\",\"description\":\"Noticias y Art\u00edculos de inter\u00e9s en el sector inmobiliario.\",\"publisher\":{\"@id\":\"https:\\\/\\\/www.hogarabitat.online\\\/fr\\\/#organization\"},\"potentialAction\":[{\"@type\":\"SearchAction\",\"target\":{\"@type\":\"EntryPoint\",\"urlTemplate\":\"https:\\\/\\\/www.hogarabitat.online\\\/fr\\\/?s={search_term_string}\"},\"query-input\":{\"@type\":\"PropertyValueSpecification\",\"valueRequired\":true,\"valueName\":\"search_term_string\"}}],\"inLanguage\":\"fr-FR\"},{\"@type\":\"Organization\",\"@id\":\"https:\\\/\\\/www.hogarabitat.online\\\/fr\\\/#organization\",\"name\":\"El Blog de HogarAbitat\",\"url\":\"https:\\\/\\\/www.hogarabitat.online\\\/fr\\\/\",\"logo\":{\"@type\":\"ImageObject\",\"inLanguage\":\"fr-FR\",\"@id\":\"https:\\\/\\\/www.hogarabitat.online\\\/fr\\\/#\\\/schema\\\/logo\\\/image\\\/\",\"url\":\"https:\\\/\\\/wonderful-cohen.51-75-200-23.plesk.page\\\/wp-content\\\/uploads\\\/2023\\\/07\\\/logo_hogarabitat.png\",\"contentUrl\":\"https:\\\/\\\/wonderful-cohen.51-75-200-23.plesk.page\\\/wp-content\\\/uploads\\\/2023\\\/07\\\/logo_hogarabitat.png\",\"width\":1754,\"height\":428,\"caption\":\"El Blog de HogarAbitat\"},\"image\":{\"@id\":\"https:\\\/\\\/www.hogarabitat.online\\\/fr\\\/#\\\/schema\\\/logo\\\/image\\\/\"}}]}<\/script>\n<!-- \/ Yoast SEO plugin. -->","yoast_head_json":{"title":"Visiter - El Blog de HogarAbitat","robots":{"index":"index","follow":"follow","max-snippet":"max-snippet:-1","max-image-preview":"max-image-preview:large","max-video-preview":"max-video-preview:-1"},"canonical":"https:\/\/www.hogarabitat.online\/fr\/visiter\/","og_locale":"fr_FR","og_type":"article","og_title":"Visiter - El Blog de HogarAbitat","og_description":"NOUS VENDONS PLUS D&rsquo;UN BIEN\u00c0 JOUR, DEVANT UN NOTAIRE. Voir les propri\u00e9t\u00e9s Demande de visite Fournir vos coordonn\u00e9es pour g\u00e9rer votre visite Ce service ne s&rsquo;applique qu&rsquo;aux biens express\u00e9ment annonc\u00e9s avec le code \u00ab\u00a0Entre particuliers, sans commission d&rsquo;achat\u00a0\u00bb. Manifiesto que he conocido a trav\u00e9s de la publicidad de Hogarabitat Servicios Inmobiliarios S.L. el inmueble a [&hellip;]","og_url":"https:\/\/www.hogarabitat.online\/fr\/visiter\/","og_site_name":"El Blog de HogarAbitat","article_modified_time":"2023-08-10T12:14:00+00:00","og_image":[{"width":2560,"height":1281,"url":"https:\/\/www.hogarabitat.online\/wp-content\/uploads\/2023\/07\/reviews-bg-scaled.jpg","type":"image\/jpeg"}],"twitter_card":"summary_large_image","twitter_misc":{"Dur\u00e9e de lecture estim\u00e9e":"1 minute"},"schema":{"@context":"https:\/\/schema.org","@graph":[{"@type":"WebPage","@id":"https:\/\/www.hogarabitat.online\/fr\/visiter\/","url":"https:\/\/www.hogarabitat.online\/fr\/visiter\/","name":"Visiter - El Blog de HogarAbitat","isPartOf":{"@id":"https:\/\/www.hogarabitat.online\/fr\/#website"},"primaryImageOfPage":{"@id":"https:\/\/www.hogarabitat.online\/fr\/visiter\/#primaryimage"},"image":{"@id":"https:\/\/www.hogarabitat.online\/fr\/visiter\/#primaryimage"},"thumbnailUrl":"https:\/\/www.hogarabitat.online\/wp-content\/uploads\/2023\/07\/reviews-bg-scaled.jpg","datePublished":"2023-07-19T09:53:46+00:00","dateModified":"2023-08-10T12:14:00+00:00","breadcrumb":{"@id":"https:\/\/www.hogarabitat.online\/fr\/visiter\/#breadcrumb"},"inLanguage":"fr-FR","potentialAction":[{"@type":"ReadAction","target":["https:\/\/www.hogarabitat.online\/fr\/visiter\/"]}]},{"@type":"ImageObject","inLanguage":"fr-FR","@id":"https:\/\/www.hogarabitat.online\/fr\/visiter\/#primaryimage","url":"https:\/\/www.hogarabitat.online\/wp-content\/uploads\/2023\/07\/reviews-bg-scaled.jpg","contentUrl":"https:\/\/www.hogarabitat.online\/wp-content\/uploads\/2023\/07\/reviews-bg-scaled.jpg","width":2560,"height":1281},{"@type":"BreadcrumbList","@id":"https:\/\/www.hogarabitat.online\/fr\/visiter\/#breadcrumb","itemListElement":[{"@type":"ListItem","position":1,"name":"Portada","item":"https:\/\/www.hogarabitat.online\/fr\/accueilabitat\/"},{"@type":"ListItem","position":2,"name":"Visiter"}]},{"@type":"WebSite","@id":"https:\/\/www.hogarabitat.online\/fr\/#website","url":"https:\/\/www.hogarabitat.online\/fr\/","name":"El Blog de HogarAbitat","description":"Noticias y Art\u00edculos de inter\u00e9s en el sector inmobiliario.","publisher":{"@id":"https:\/\/www.hogarabitat.online\/fr\/#organization"},"potentialAction":[{"@type":"SearchAction","target":{"@type":"EntryPoint","urlTemplate":"https:\/\/www.hogarabitat.online\/fr\/?s={search_term_string}"},"query-input":{"@type":"PropertyValueSpecification","valueRequired":true,"valueName":"search_term_string"}}],"inLanguage":"fr-FR"},{"@type":"Organization","@id":"https:\/\/www.hogarabitat.online\/fr\/#organization","name":"El Blog de HogarAbitat","url":"https:\/\/www.hogarabitat.online\/fr\/","logo":{"@type":"ImageObject","inLanguage":"fr-FR","@id":"https:\/\/www.hogarabitat.online\/fr\/#\/schema\/logo\/image\/","url":"https:\/\/wonderful-cohen.51-75-200-23.plesk.page\/wp-content\/uploads\/2023\/07\/logo_hogarabitat.png","contentUrl":"https:\/\/wonderful-cohen.51-75-200-23.plesk.page\/wp-content\/uploads\/2023\/07\/logo_hogarabitat.png","width":1754,"height":428,"caption":"El Blog de HogarAbitat"},"image":{"@id":"https:\/\/www.hogarabitat.online\/fr\/#\/schema\/logo\/image\/"}}]}},"_links":{"self":[{"href":"https:\/\/www.hogarabitat.online\/fr\/wp-json\/wp\/v2\/pages\/439","targetHints":{"allow":["GET"]}}],"collection":[{"href":"https:\/\/www.hogarabitat.online\/fr\/wp-json\/wp\/v2\/pages"}],"about":[{"href":"https:\/\/www.hogarabitat.online\/fr\/wp-json\/wp\/v2\/types\/page"}],"author":[{"embeddable":true,"href":"https:\/\/www.hogarabitat.online\/fr\/wp-json\/wp\/v2\/users\/3"}],"replies":[{"embeddable":true,"href":"https:\/\/www.hogarabitat.online\/fr\/wp-json\/wp\/v2\/comments?post=439"}],"version-history":[{"count":20,"href":"https:\/\/www.hogarabitat.online\/fr\/wp-json\/wp\/v2\/pages\/439\/revisions"}],"predecessor-version":[{"id":1491,"href":"https:\/\/www.hogarabitat.online\/fr\/wp-json\/wp\/v2\/pages\/439\/revisions\/1491"}],"wp:featuredmedia":[{"embeddable":true,"href":"https:\/\/www.hogarabitat.online\/fr\/wp-json\/wp\/v2\/media\/378"}],"wp:attachment":[{"href":"https:\/\/www.hogarabitat.online\/fr\/wp-json\/wp\/v2\/media?parent=439"}],"curies":[{"name":"wp","href":"https:\/\/api.w.org\/{rel}","templated":true}]}}